{"id":2822,"date":"2026-03-25T16:25:02","date_gmt":"2026-03-25T16:25:02","guid":{"rendered":"https:\/\/chemoform.md\/product\/antispumant-1-l\/"},"modified":"2026-03-25T16:25:02","modified_gmt":"2026-03-25T16:25:02","slug":"antispumant-1-l","status":"publish","type":"product","link":"https:\/\/chemoform.md\/ro\/product\/antispumant-1-l\/","title":{"rendered":"Antispumant, 1 l"},"content":{"rendered":"<p><span data-sheets-root=\"1\">Produs special \u00eempotriva form\u0103rii spumei \u00een apa piscinei \u00een cazul unei concentra\u021bii ridicate de substan\u021be spumante.<\/span><\/p>\n<h3>Utilizare<\/h3>\n<p><span data-sheets-root=\"1\">Utiliza\u021bi agentul antispumant \u00een stare concentrat\u0103. Pulveriza\u021bi direct pe spum\u0103. Medicamentul nu are efect preventiv.<\/span><\/p>\n<h3>Aten\u021bie<\/h3>\n<p>A nu se amesteca cu alte substan\u021be chimice!<\/p>\n<h3>M\u0103suri de precau\u021bie<\/h3>\n<p>Respecta\u021bi m\u0103surile de siguran\u021b\u0103 indicate pe eticheta produsului \u0219i \u00een fi\u0219a de siguran\u021b\u0103. A se p\u0103stra produsul \u00een ambalajul original, \u00eentr-un loc r\u0103coros \u0219i ferit de soare. A se p\u0103stra \u00eentr-un loc inaccesibil copiilor!<\/p>\n<h3>Depozitare<\/h3>\n<p>A se p\u0103stra \u00eentr-un loc uscat \u0219i r\u0103coros. Termenul de valabilitate este de 5 ani. Produsul trebuie depozitat \u0219i transportat \u00een pozi\u021bie vertical\u0103! Ambalajele golite \u0219i sp\u0103late trebuie reciclate.<\/p>\n","protected":false},"excerpt":{"rendered":"<p><span data-sheets-root=\"1\">Anti-spum\u0103<\/span>, 1 l.<\/p>\n","protected":false},"featured_media":2230,"comment_status":"closed","ping_status":"closed","template":"","meta":[],"product_brand":[],"product_cat":[66,71],"product_tag":[],"class_list":{"0":"post-2822","1":"product","2":"type-product","3":"status-publish","4":"has-post-thumbnail","6":"product_cat-produse-chimice-pentru-piscine","7":"product_cat-produse-speciale","9":"first","10":"instock","11":"shipping-taxable","12":"purchasable","13":"product-type-simple"},"_links":{"self":[{"href":"https:\/\/chemoform.md\/ro\/wp-json\/wp\/v2\/product\/2822","targetHints":{"allow":["GET"]}}],"collection":[{"href":"https:\/\/chemoform.md\/ro\/wp-json\/wp\/v2\/product"}],"about":[{"href":"https:\/\/chemoform.md\/ro\/wp-json\/wp\/v2\/types\/product"}],"replies":[{"embeddable":true,"href":"https:\/\/chemoform.md\/ro\/wp-json\/wp\/v2\/comments?post=2822"}],"wp:featuredmedia":[{"embeddable":true,"href":"https:\/\/chemoform.md\/ro\/wp-json\/wp\/v2\/media\/2230"}],"wp:attachment":[{"href":"https:\/\/chemoform.md\/ro\/wp-json\/wp\/v2\/media?parent=2822"}],"wp:term":[{"taxonomy":"product_brand","embeddable":true,"href":"https:\/\/chemoform.md\/ro\/wp-json\/wp\/v2\/product_brand?post=2822"},{"taxonomy":"product_cat","embeddable":true,"href":"https:\/\/chemoform.md\/ro\/wp-json\/wp\/v2\/product_cat?post=2822"},{"taxonomy":"product_tag","embeddable":true,"href":"https:\/\/chemoform.md\/ro\/wp-json\/wp\/v2\/product_tag?post=2822"}],"curies":[{"name":"wp","href":"https:\/\/api.w.org\/{rel}","templated":true}]}}