{"id":2810,"date":"2026-03-24T14:56:57","date_gmt":"2026-03-24T14:56:57","guid":{"rendered":"https:\/\/chemoform.md\/product\/melisa-franceza-1-l\/"},"modified":"2026-03-24T14:56:57","modified_gmt":"2026-03-24T14:56:57","slug":"melisa-franceza-1-l","status":"publish","type":"product","link":"https:\/\/chemoform.md\/ro\/product\/melisa-franceza-1-l\/","title":{"rendered":"Melis\u0103 francez\u0103, 1 l"},"content":{"rendered":"<p><span data-sheets-root=\"1\">u\u0219or citric, r\u0103coritor, revigorant<\/span><\/p>\n<h3>Utilizare<\/h3>\n<p><span data-sheets-root=\"1\">\u00cen func\u021bie de dimensiunea cabinei, dilua\u021bi \u00eentre 3 \u0219i 10 ml de produs \u00eentr-un litru de ap\u0103. Nu utiliza\u021bi produsul nediluat! Pericol de incendiu! A nu se folosi \u00een \u00eenc\u0103peri cu aburi!<\/span><\/p>\n","protected":false},"excerpt":{"rendered":"<p><strong><span data-sheets-root=\"1\">Melis\u0103 francez\u0103, 1 l &#8211; 500 <span class=\"woocommerce-Price-amount amount\"><span class=\"woocommerce-Price-currencySymbol\">MDL<\/span><\/span><\/span><\/p>\n<p><strong><span data-sheets-root=\"1\">Melis\u0103 francez\u0103, 250 ml &#8211; 250 <span class=\"woocommerce-Price-amount amount\"><span class=\"woocommerce-Price-currencySymbol\">MDL<\/span><\/span><\/span><\/strong><\/strong><\/p>\n","protected":false},"featured_media":2189,"comment_status":"closed","ping_status":"closed","template":"","meta":[],"product_brand":[],"product_cat":[77,74],"product_tag":[],"class_list":{"0":"post-2810","1":"product","2":"type-product","3":"status-publish","4":"has-post-thumbnail","6":"product_cat-arome-pentru-saune-lacoform","7":"product_cat-parfumuri-si-produse-cosmetice","9":"first","10":"instock","11":"shipping-taxable","12":"purchasable","13":"product-type-simple"},"_links":{"self":[{"href":"https:\/\/chemoform.md\/ro\/wp-json\/wp\/v2\/product\/2810","targetHints":{"allow":["GET"]}}],"collection":[{"href":"https:\/\/chemoform.md\/ro\/wp-json\/wp\/v2\/product"}],"about":[{"href":"https:\/\/chemoform.md\/ro\/wp-json\/wp\/v2\/types\/product"}],"replies":[{"embeddable":true,"href":"https:\/\/chemoform.md\/ro\/wp-json\/wp\/v2\/comments?post=2810"}],"wp:featuredmedia":[{"embeddable":true,"href":"https:\/\/chemoform.md\/ro\/wp-json\/wp\/v2\/media\/2189"}],"wp:attachment":[{"href":"https:\/\/chemoform.md\/ro\/wp-json\/wp\/v2\/media?parent=2810"}],"wp:term":[{"taxonomy":"product_brand","embeddable":true,"href":"https:\/\/chemoform.md\/ro\/wp-json\/wp\/v2\/product_brand?post=2810"},{"taxonomy":"product_cat","embeddable":true,"href":"https:\/\/chemoform.md\/ro\/wp-json\/wp\/v2\/product_cat?post=2810"},{"taxonomy":"product_tag","embeddable":true,"href":"https:\/\/chemoform.md\/ro\/wp-json\/wp\/v2\/product_tag?post=2810"}],"curies":[{"name":"wp","href":"https:\/\/api.w.org\/{rel}","templated":true}]}}