{"id":2798,"date":"2026-03-24T13:07:19","date_gmt":"2026-03-24T13:07:19","guid":{"rendered":"https:\/\/chemoform.md\/product\/lamaie-inghetata-1-l-2\/"},"modified":"2026-03-24T13:07:19","modified_gmt":"2026-03-24T13:07:19","slug":"lamaie-inghetata-1-l-2","status":"publish","type":"product","link":"https:\/\/chemoform.md\/ro\/product\/lamaie-inghetata-1-l-2\/","title":{"rendered":"L\u0103m\u00e2ie \u00eenghe\u021bat\u0103, 1 l"},"content":{"rendered":"<p><span data-sheets-root=\"1\">revigorant, energizant, cu o not\u0103 de ment\u0103<\/span><\/p>\n<h3>Utilizare<\/h3>\n<p><span data-sheets-root=\"1\">\u00cen func\u021bie de dimensiunea cabinei, dilua\u021bi \u00eentre 3 \u0219i 10 ml de produs \u00eentr-un litru de ap\u0103. Nu utiliza\u021bi produsul nediluat! Pericol de incendiu! A nu se folosi \u00een \u00eenc\u0103peri cu aburi!<\/span><\/p>\n","protected":false},"excerpt":{"rendered":"<p><strong>L\u0103m\u00e2ie \u00eenghe\u021bat\u0103, 1 l \u2013 500 MDL<\/strong><\/p>\n<p><strong>L\u0103m\u00e2ie \u00eenghe\u021bat\u0103, 250 ml &#8211; 250 MDL<\/strong><\/p>\n","protected":false},"featured_media":2175,"comment_status":"closed","ping_status":"closed","template":"","meta":[],"product_brand":[],"product_cat":[77,74],"product_tag":[],"class_list":{"0":"post-2798","1":"product","2":"type-product","3":"status-publish","4":"has-post-thumbnail","6":"product_cat-arome-pentru-saune-lacoform","7":"product_cat-parfumuri-si-produse-cosmetice","9":"first","10":"instock","11":"shipping-taxable","12":"purchasable","13":"product-type-simple"},"_links":{"self":[{"href":"https:\/\/chemoform.md\/ro\/wp-json\/wp\/v2\/product\/2798","targetHints":{"allow":["GET"]}}],"collection":[{"href":"https:\/\/chemoform.md\/ro\/wp-json\/wp\/v2\/product"}],"about":[{"href":"https:\/\/chemoform.md\/ro\/wp-json\/wp\/v2\/types\/product"}],"replies":[{"embeddable":true,"href":"https:\/\/chemoform.md\/ro\/wp-json\/wp\/v2\/comments?post=2798"}],"wp:featuredmedia":[{"embeddable":true,"href":"https:\/\/chemoform.md\/ro\/wp-json\/wp\/v2\/media\/2175"}],"wp:attachment":[{"href":"https:\/\/chemoform.md\/ro\/wp-json\/wp\/v2\/media?parent=2798"}],"wp:term":[{"taxonomy":"product_brand","embeddable":true,"href":"https:\/\/chemoform.md\/ro\/wp-json\/wp\/v2\/product_brand?post=2798"},{"taxonomy":"product_cat","embeddable":true,"href":"https:\/\/chemoform.md\/ro\/wp-json\/wp\/v2\/product_cat?post=2798"},{"taxonomy":"product_tag","embeddable":true,"href":"https:\/\/chemoform.md\/ro\/wp-json\/wp\/v2\/product_tag?post=2798"}],"curies":[{"name":"wp","href":"https:\/\/api.w.org\/{rel}","templated":true}]}}