{"id":2778,"date":"2026-03-24T12:09:19","date_gmt":"2026-03-24T12:09:19","guid":{"rendered":"https:\/\/chemoform.md\/product\/mesteacan-finlandez-1-l\/"},"modified":"2026-03-24T12:09:19","modified_gmt":"2026-03-24T12:09:19","slug":"mesteacan-finlandez-1-l","status":"publish","type":"product","link":"https:\/\/chemoform.md\/ro\/product\/mesteacan-finlandez-1-l\/","title":{"rendered":"Mesteac\u0103n finlandez, 1 l"},"content":{"rendered":"<p><span data-sheets-root=\"1\">revigorant, energizant, cu o u\u0219oar\u0103 not\u0103 floral\u0103<\/span><\/p>\n<h3>Utilizare<\/h3>\n<p><span data-sheets-root=\"1\">\u00cen func\u021bie de dimensiunea cabinei: dozare automat\u0103 de 1-6 ml la fiecare 4-6 minute \/ dozare manual\u0103 de 5-10 pic\u0103turi direct pe duza de abur. A nu se utiliza \u00een saune \/ a nu se v\u0103rsa pe pietrele \u00eencins\u0103. <\/span><\/p>\n","protected":false},"excerpt":{"rendered":"<p><span data-sheets-root=\"1\">Mesteac\u0103n finlandez, 1 l.<\/span><\/p>\n","protected":false},"featured_media":2140,"comment_status":"closed","ping_status":"closed","template":"","meta":[],"product_brand":[],"product_cat":[76,74],"product_tag":[],"class_list":{"0":"post-2778","1":"product","2":"type-product","3":"status-publish","4":"has-post-thumbnail","6":"product_cat-arome-pentru-saune-hamamuri","7":"product_cat-parfumuri-si-produse-cosmetice","9":"first","10":"instock","11":"shipping-taxable","12":"purchasable","13":"product-type-simple"},"_links":{"self":[{"href":"https:\/\/chemoform.md\/ro\/wp-json\/wp\/v2\/product\/2778","targetHints":{"allow":["GET"]}}],"collection":[{"href":"https:\/\/chemoform.md\/ro\/wp-json\/wp\/v2\/product"}],"about":[{"href":"https:\/\/chemoform.md\/ro\/wp-json\/wp\/v2\/types\/product"}],"replies":[{"embeddable":true,"href":"https:\/\/chemoform.md\/ro\/wp-json\/wp\/v2\/comments?post=2778"}],"wp:featuredmedia":[{"embeddable":true,"href":"https:\/\/chemoform.md\/ro\/wp-json\/wp\/v2\/media\/2140"}],"wp:attachment":[{"href":"https:\/\/chemoform.md\/ro\/wp-json\/wp\/v2\/media?parent=2778"}],"wp:term":[{"taxonomy":"product_brand","embeddable":true,"href":"https:\/\/chemoform.md\/ro\/wp-json\/wp\/v2\/product_brand?post=2778"},{"taxonomy":"product_cat","embeddable":true,"href":"https:\/\/chemoform.md\/ro\/wp-json\/wp\/v2\/product_cat?post=2778"},{"taxonomy":"product_tag","embeddable":true,"href":"https:\/\/chemoform.md\/ro\/wp-json\/wp\/v2\/product_tag?post=2778"}],"curies":[{"name":"wp","href":"https:\/\/api.w.org\/{rel}","templated":true}]}}