{"id":2768,"date":"2026-03-25T16:29:47","date_gmt":"2026-03-25T16:29:47","guid":{"rendered":"https:\/\/chemoform.md\/product\/chlor-stop-1-kg\/"},"modified":"2026-03-25T16:29:47","modified_gmt":"2026-03-25T16:29:47","slug":"chlor-stop-1-kg","status":"publish","type":"product","link":"https:\/\/chemoform.md\/ro\/product\/chlor-stop-1-kg\/","title":{"rendered":"Chlor-Stop, 1 kg"},"content":{"rendered":"<p>Produs granulat pentru reducerea nivelului de clor din apa piscinei, pe baz\u0103 de tiosulfat de sodiu.<\/p>\n<h3>Utilizare<\/h3>\n<p>Nivelul ideal de clor: 0,6-1,0. \u00cen cazul unei supradoze de clor, \u201eClor-Stop\u201d permite reducerea nivelului de clor, astfel \u00eenc\u00e2t s\u0103 se poat\u0103 continua sc\u0103ldatul sau s\u0103 se ia m\u0103suri pentru restabilirea nivelului adecvat de clor. Dizolva\u021bi mai \u00eent\u00e2i \u201eClor-Stop\u201d \u00een ap\u0103, ad\u0103ug\u00e2nd produsul \u00een ap\u0103, nu invers! Produsul sub form\u0103 de solu\u021bie poate fi ad\u0103ugat \u00een timpul func\u021bion\u0103rii sistemului de filtrare prin skimmer sau turnat lent de-a lungul marginilor piscinei. Pentru a reduce concentra\u021bia de clor cu 1 mg\/l, este necesar 1 g de \u201eClor Stop\u201d la 1 m\u00b3 de ap\u0103.<\/p>\n<h3>Aten\u021bie<\/h3>\n<p>A nu se amesteca cu alte substan\u021be chimice!<\/p>\n<h3>M\u0103suri de precau\u021bie<\/h3>\n<p>Respecta\u021bi m\u0103surile de siguran\u021b\u0103 indicate pe eticheta produsului \u0219i \u00een fi\u0219a de siguran\u021b\u0103. A se p\u0103stra produsul \u00een ambalajul original, \u00eentr-un loc r\u0103coros \u0219i ferit de soare. A se p\u0103stra \u00eentr-un loc inaccesibil copiilor!<\/p>\n<h3>Depozitare<\/h3>\n<p>A se p\u0103stra \u00eentr-un loc uscat \u0219i r\u0103coros. Termenul de valabilitate este de 10 ani. Produsul trebuie depozitat \u0219i transportat \u00een pozi\u021bie vertical\u0103! Ambalajele golite \u0219i sp\u0103late trebuie reciclate.<\/p>\n","protected":false},"excerpt":{"rendered":"<p>Chlor-Stop, 1 kg.<\/p>\n","protected":false},"featured_media":2233,"comment_status":"closed","ping_status":"closed","template":"","meta":[],"product_brand":[],"product_cat":[66,71],"product_tag":[],"class_list":{"0":"post-2768","1":"product","2":"type-product","3":"status-publish","4":"has-post-thumbnail","6":"product_cat-produse-chimice-pentru-piscine","7":"product_cat-produse-speciale","9":"first","10":"instock","11":"shipping-taxable","12":"purchasable","13":"product-type-simple"},"_links":{"self":[{"href":"https:\/\/chemoform.md\/ro\/wp-json\/wp\/v2\/product\/2768","targetHints":{"allow":["GET"]}}],"collection":[{"href":"https:\/\/chemoform.md\/ro\/wp-json\/wp\/v2\/product"}],"about":[{"href":"https:\/\/chemoform.md\/ro\/wp-json\/wp\/v2\/types\/product"}],"replies":[{"embeddable":true,"href":"https:\/\/chemoform.md\/ro\/wp-json\/wp\/v2\/comments?post=2768"}],"wp:featuredmedia":[{"embeddable":true,"href":"https:\/\/chemoform.md\/ro\/wp-json\/wp\/v2\/media\/2233"}],"wp:attachment":[{"href":"https:\/\/chemoform.md\/ro\/wp-json\/wp\/v2\/media?parent=2768"}],"wp:term":[{"taxonomy":"product_brand","embeddable":true,"href":"https:\/\/chemoform.md\/ro\/wp-json\/wp\/v2\/product_brand?post=2768"},{"taxonomy":"product_cat","embeddable":true,"href":"https:\/\/chemoform.md\/ro\/wp-json\/wp\/v2\/product_cat?post=2768"},{"taxonomy":"product_tag","embeddable":true,"href":"https:\/\/chemoform.md\/ro\/wp-json\/wp\/v2\/product_tag?post=2768"}],"curies":[{"name":"wp","href":"https:\/\/api.w.org\/{rel}","templated":true}]}}