{"id":2764,"date":"2026-03-18T23:14:28","date_gmt":"2026-03-18T23:14:28","guid":{"rendered":"https:\/\/chemoform.md\/product\/randclar-1-l\/"},"modified":"2026-03-18T23:14:28","modified_gmt":"2026-03-18T23:14:28","slug":"randclar-1-l","status":"publish","type":"product","link":"https:\/\/chemoform.md\/ro\/product\/randclar-1-l\/","title":{"rendered":"Randclar 1 l"},"content":{"rendered":"<p>Detergent lichid pentru pere\u021bii piscinei \u0219i linia de ap\u0103, cu o capacitate excelent\u0103 de emulsionare.<\/p>\n<h3>Caracteristici<\/h3>\n<ul>\n<li>U\u0219or de utilizat.<\/li>\n<li>Este eficient \u00eempotriva impurit\u0103\u021bilor organice \u0219i atmosferice.<\/li>\n<li>Se poate utiliza pe plastic, ceramic\u0103 \u0219i folie de PVC.<\/li>\n<\/ul>\n<h3>Utilizare<\/h3>\n<p>Pentru cur\u0103\u021barea canalului de scurgere, trebuie mai \u00eent\u00e2i s\u0103 cobor\u00e2\u021bi nivelul apei sub zona murdar\u0103. Dilua\u021bi produsul cu ap\u0103 \u00een propor\u021bie de 1:1. Trata\u021bi zonele murdare cu solu\u021bia ob\u021binut\u0103 \u0219i o perie. Nu l\u0103sa\u021bi s\u0103 ac\u021bioneze prea mult timp, apoi trata\u021bi din nou cu peria. Dup\u0103 aceea, \u0219terge\u021bi cu o c\u00e2rp\u0103 sau un burete \u0219i cl\u0103ti\u021bi cu ap\u0103. Petele dificil de \u00eendep\u0103rtat \u0219i stratul mai gros de depuneri trebuie tratate a doua oar\u0103.     <\/p>\n<h3>Aten\u021bie<\/h3>\n<p>A nu se amesteca cu alte substan\u021be chimice!<\/p>\n<h3>M\u0103suri de precau\u021bie<\/h3>\n<p>Respecta\u021bi m\u0103surile de siguran\u021b\u0103 indicate pe eticheta produsului \u0219i \u00een fi\u0219a de siguran\u021b\u0103. P\u0103stra\u021bi produsul \u00een ambalajul original, \u00eentr-un loc r\u0103coros \u0219i ferit de soare. A nu se l\u0103sa la \u00eendem\u00e2na copiilor!  <\/p>\n<h3>Depozitare<\/h3>\n<p>A se p\u0103stra la o temperatur\u0103 mai mare de 0 \u00b0C. Termenul de valabilitate este de 5 ani. Produsul trebuie p\u0103strat \u0219i transportat \u00een pozi\u021bie vertical\u0103! Ambalajul gol \u0219i sp\u0103lat trebuie reciclat.  <\/p>\n","protected":false},"excerpt":{"rendered":"<p>Randclar 1 l<\/p>\n","protected":false},"featured_media":2079,"comment_status":"closed","ping_status":"closed","template":"","meta":[],"product_brand":[],"product_cat":[66,70],"product_tag":[],"class_list":{"0":"post-2764","1":"product","2":"type-product","3":"status-publish","4":"has-post-thumbnail","6":"product_cat-produse-chimice-pentru-piscine","7":"product_cat-produse-de-curatare","9":"first","10":"instock","11":"shipping-taxable","12":"purchasable","13":"product-type-simple"},"_links":{"self":[{"href":"https:\/\/chemoform.md\/ro\/wp-json\/wp\/v2\/product\/2764","targetHints":{"allow":["GET"]}}],"collection":[{"href":"https:\/\/chemoform.md\/ro\/wp-json\/wp\/v2\/product"}],"about":[{"href":"https:\/\/chemoform.md\/ro\/wp-json\/wp\/v2\/types\/product"}],"replies":[{"embeddable":true,"href":"https:\/\/chemoform.md\/ro\/wp-json\/wp\/v2\/comments?post=2764"}],"wp:featuredmedia":[{"embeddable":true,"href":"https:\/\/chemoform.md\/ro\/wp-json\/wp\/v2\/media\/2079"}],"wp:attachment":[{"href":"https:\/\/chemoform.md\/ro\/wp-json\/wp\/v2\/media?parent=2764"}],"wp:term":[{"taxonomy":"product_brand","embeddable":true,"href":"https:\/\/chemoform.md\/ro\/wp-json\/wp\/v2\/product_brand?post=2764"},{"taxonomy":"product_cat","embeddable":true,"href":"https:\/\/chemoform.md\/ro\/wp-json\/wp\/v2\/product_cat?post=2764"},{"taxonomy":"product_tag","embeddable":true,"href":"https:\/\/chemoform.md\/ro\/wp-json\/wp\/v2\/product_tag?post=2764"}],"curies":[{"name":"wp","href":"https:\/\/api.w.org\/{rel}","templated":true}]}}