{"id":2762,"date":"2026-03-25T16:41:58","date_gmt":"2026-03-25T16:41:58","guid":{"rendered":"https:\/\/chemoform.md\/product\/calzestab-eisenex-1-l\/"},"modified":"2026-03-25T16:41:58","modified_gmt":"2026-03-25T16:41:58","slug":"calzestab-eisenex-1-l","status":"publish","type":"product","link":"https:\/\/chemoform.md\/ro\/product\/calzestab-eisenex-1-l\/","title":{"rendered":"Calzestab-Eisenex, 1 l"},"content":{"rendered":"<p>Un produs special \u00eempotriva depunerilor de calcar \u0219i a depunerilor de metale din apa piscinei. Se utilizeaz\u0103 \u0219i \u00een cazul apei de f\u00e2nt\u00e2n\u0103 sau a apei de p\u00e2nz\u0103 freatic\u0103. <\/p>\n<h3>Caracteristici<\/h3>\n<ul>\n<li>\u00cempiedic\u0103 formarea depunerilor de calciu \u0219i metale \u00een ap\u0103.<\/li>\n<li>Distruge particulele de var \u0219i depunerile metalice deja formate.<\/li>\n<li>Protejeaz\u0103 \u00eempotriva coroziunii conductele de ap\u0103 \u0219i schimb\u0103toarele de c\u0103ldur\u0103.<\/li>\n<li>Protejeaz\u0103 elementele filtrante \u00eempotriva depunerilor.<\/li>\n<li>Reduce duritatea apei.<\/li>\n<\/ul>\n<h3>Utilizare<\/h3>\n<p>Nivelul optim al pH-ului: 7,0-7,4. Dozajul depinde de duritatea apei. Dozajul ini\u021bial este de 500 ml p\u00e2n\u0103 la 2 litri la 10 m\u00b3 de ap\u0103. Ulterior, 150 ml &#8211; 300 ml la 10 m\u00b3 de ap\u0103.   <\/p>\n<h3>Aten\u021bie<\/h3>\n<p>A nu se amesteca cu alte substan\u021be chimice!<\/p>\n<h3>M\u0103suri de precau\u021bie<\/h3>\n<p>Respecta\u021bi m\u0103surile de siguran\u021b\u0103 indicate pe eticheta produsului \u0219i \u00een fi\u0219a de siguran\u021b\u0103. P\u0103stra\u021bi produsul \u00een ambalajul original, \u00eentr-un loc r\u0103coros \u0219i ferit de soare. A nu se l\u0103sa la \u00eendem\u00e2na copiilor!  <\/p>\n<h3>Depozitare<\/h3>\n<p>A se p\u0103stra \u00eentr-un loc uscat \u0219i r\u0103coros. Termen de valabilitate: 5 ani. Produsul trebuie p\u0103strat \u0219i transportat \u00een pozi\u021bie vertical\u0103! Ambalajul gol \u0219i sp\u0103lat trebuie reciclat.   <\/p>\n","protected":false},"excerpt":{"rendered":"<p>Calzestab-Eisenex, 1 l.<\/p>\n","protected":false},"featured_media":2235,"comment_status":"closed","ping_status":"closed","template":"","meta":[],"product_brand":[],"product_cat":[66,71],"product_tag":[],"class_list":{"0":"post-2762","1":"product","2":"type-product","3":"status-publish","4":"has-post-thumbnail","6":"product_cat-produse-chimice-pentru-piscine","7":"product_cat-produse-speciale","9":"first","10":"instock","11":"shipping-taxable","12":"purchasable","13":"product-type-simple"},"_links":{"self":[{"href":"https:\/\/chemoform.md\/ro\/wp-json\/wp\/v2\/product\/2762","targetHints":{"allow":["GET"]}}],"collection":[{"href":"https:\/\/chemoform.md\/ro\/wp-json\/wp\/v2\/product"}],"about":[{"href":"https:\/\/chemoform.md\/ro\/wp-json\/wp\/v2\/types\/product"}],"replies":[{"embeddable":true,"href":"https:\/\/chemoform.md\/ro\/wp-json\/wp\/v2\/comments?post=2762"}],"wp:featuredmedia":[{"embeddable":true,"href":"https:\/\/chemoform.md\/ro\/wp-json\/wp\/v2\/media\/2235"}],"wp:attachment":[{"href":"https:\/\/chemoform.md\/ro\/wp-json\/wp\/v2\/media?parent=2762"}],"wp:term":[{"taxonomy":"product_brand","embeddable":true,"href":"https:\/\/chemoform.md\/ro\/wp-json\/wp\/v2\/product_brand?post=2762"},{"taxonomy":"product_cat","embeddable":true,"href":"https:\/\/chemoform.md\/ro\/wp-json\/wp\/v2\/product_cat?post=2762"},{"taxonomy":"product_tag","embeddable":true,"href":"https:\/\/chemoform.md\/ro\/wp-json\/wp\/v2\/product_tag?post=2762"}],"curies":[{"name":"wp","href":"https:\/\/api.w.org\/{rel}","templated":true}]}}