{"id":2757,"date":"2026-03-18T23:06:40","date_gmt":"2026-03-18T23:06:40","guid":{"rendered":"https:\/\/chemoform.md\/product\/compactal-1-l\/"},"modified":"2026-03-18T23:06:40","modified_gmt":"2026-03-18T23:06:40","slug":"compactal-1-l","status":"publish","type":"product","link":"https:\/\/chemoform.md\/ro\/product\/compactal-1-l\/","title":{"rendered":"Compactal, 1 l"},"content":{"rendered":"<p>Produs de cur\u0103\u021bare pe baz\u0103 de acid pentru cur\u0103\u021barea temeinic\u0103 \u0219i de prim\u0103var\u0103 a piscinei \u0219i a zonei \u00eenconjur\u0103toare.<\/p>\n<h3>Caracteristici<\/h3>\n<ul>\n<li>\u00cendep\u0103rteaz\u0103 cu u\u0219urin\u021b\u0103 murd\u0103ria dificil de cur\u0103\u021bat, depunerile de calcar, rugina \u0219i alte depuneri minerale.<\/li>\n<li>Concentrat!<\/li>\n<li>Se recomand\u0103 diluarea.<\/li>\n<li>Nu afecteaz\u0103 vopselele pe baz\u0103 de cauciuc \u0219i plasticul.<\/li>\n<\/ul>\n<h3>Utilizare<\/h3>\n<p>\u00cen func\u021bie de gradul de murd\u0103rie, dilua\u021bi produsul cu ap\u0103 \u00een propor\u021bie de 1:3 p\u00e2n\u0103 la 1:10. Apoi aplica\u021bi solu\u021bia ob\u021binut\u0103 pe zona murdar\u0103 \u0219i freca\u021bi cu o perie. Dup\u0103 tratare, l\u0103sa\u021bi produsul s\u0103 ac\u021bioneze timp de 5-10 minute, apoi cl\u0103ti\u021bi cu ap\u0103 dup\u0103 o a doua tratare. Petele dificil de \u00eendep\u0103rtat trebuie tratate \u00eenc\u0103 o dat\u0103 cu produsul nediluat.   <\/p>\n<h3>Aten\u021bie<\/h3>\n<p>Evita\u021bi contactul cu materialele sensibile la acid, precum: marmur\u0103, email, crom sau o\u021bel. Vaporii de evaporare sunt corozivi. Atunci c\u00e2nd trata\u021bi suprafe\u021be mari, \u00eemp\u0103r\u021bi\u021bi suprafa\u021ba \u00een p\u0103trate.  <\/p>\n<h3>M\u0103suri de precau\u021bie<\/h3>\n<p>Respecta\u021bi m\u0103surile de siguran\u021b\u0103 indicate pe eticheta produsului \u0219i \u00een fi\u0219a de siguran\u021b\u0103. P\u0103stra\u021bi produsul \u00een ambalajul original, \u00eentr-un loc r\u0103coros \u0219i ferit de soare. A nu se l\u0103sa la \u00eendem\u00e2na copiilor!  <\/p>\n<h3>Depozitare<\/h3>\n<p>A se p\u0103stra la o temperatur\u0103 mai mare de 0 \u00b0C. Termenul de valabilitate este de 5 ani. Produsul trebuie p\u0103strat \u0219i transportat \u00een pozi\u021bie vertical\u0103! Ambalajul gol \u0219i sp\u0103lat trebuie reciclat.  <\/p>\n","protected":false},"excerpt":{"rendered":"<p>Compactal, 1 l.<\/p>\n","protected":false},"featured_media":2075,"comment_status":"closed","ping_status":"closed","template":"","meta":[],"product_brand":[],"product_cat":[66,70],"product_tag":[],"class_list":{"0":"post-2757","1":"product","2":"type-product","3":"status-publish","4":"has-post-thumbnail","6":"product_cat-produse-chimice-pentru-piscine","7":"product_cat-produse-de-curatare","9":"first","10":"instock","11":"shipping-taxable","12":"purchasable","13":"product-type-simple"},"_links":{"self":[{"href":"https:\/\/chemoform.md\/ro\/wp-json\/wp\/v2\/product\/2757","targetHints":{"allow":["GET"]}}],"collection":[{"href":"https:\/\/chemoform.md\/ro\/wp-json\/wp\/v2\/product"}],"about":[{"href":"https:\/\/chemoform.md\/ro\/wp-json\/wp\/v2\/types\/product"}],"replies":[{"embeddable":true,"href":"https:\/\/chemoform.md\/ro\/wp-json\/wp\/v2\/comments?post=2757"}],"wp:featuredmedia":[{"embeddable":true,"href":"https:\/\/chemoform.md\/ro\/wp-json\/wp\/v2\/media\/2075"}],"wp:attachment":[{"href":"https:\/\/chemoform.md\/ro\/wp-json\/wp\/v2\/media?parent=2757"}],"wp:term":[{"taxonomy":"product_brand","embeddable":true,"href":"https:\/\/chemoform.md\/ro\/wp-json\/wp\/v2\/product_brand?post=2757"},{"taxonomy":"product_cat","embeddable":true,"href":"https:\/\/chemoform.md\/ro\/wp-json\/wp\/v2\/product_cat?post=2757"},{"taxonomy":"product_tag","embeddable":true,"href":"https:\/\/chemoform.md\/ro\/wp-json\/wp\/v2\/product_tag?post=2757"}],"curies":[{"name":"wp","href":"https:\/\/api.w.org\/{rel}","templated":true}]}}