{"id":2755,"date":"2026-03-18T23:00:21","date_gmt":"2026-03-18T23:00:21","guid":{"rendered":"https:\/\/chemoform.md\/product\/sauna-curata-1-l\/"},"modified":"2026-03-18T23:00:21","modified_gmt":"2026-03-18T23:00:21","slug":"sauna-curata-1-l","status":"publish","type":"product","link":"https:\/\/chemoform.md\/ro\/product\/sauna-curata-1-l\/","title":{"rendered":"Sauna Curat\u0103, 1 l"},"content":{"rendered":"<p>Produs de cur\u0103\u021bare cu propriet\u0103\u021bi dezinfectante pentru suprafe\u021bele din lemn din saun\u0103, precum \u0219i pentru uz casnic.<\/p>\n<h3>Caracteristici<\/h3>\n<ul>\n<li>Asigur\u0103 cur\u0103\u021benia igienic\u0103 a pardoselilor \u0219i a suprafe\u021belor din lemn \u0219i plastic.<\/li>\n<li>Datorit\u0103 oxigenului activ, contribuie la albirea suprafe\u021belor din lemn \u0219i la \u00eendep\u0103rtarea petelor de transpira\u021bie de pe acestea.<\/li>\n<li>Cu arom\u0103 de eucalipt.<\/li>\n<\/ul>\n<h3>Utilizare<\/h3>\n<p>Umezi\u021bi \u00een prealabil suprafa\u021ba de tratat cu ap\u0103. Apoi, cur\u0103\u021ba\u021bi-o cu o perie \u0219i cu solu\u021bia preparat\u0103 (dilua\u021bi-o cu ap\u0103 \u00een propor\u021bie de 1:1 p\u00e2n\u0103 la 1:30, \u00een func\u021bie de gradul de murd\u0103rie) \u0219i cl\u0103ti\u021bi cu ap\u0103 sau \u0219terge\u021bi cu o c\u00e2rp\u0103 umed\u0103. <\/p>\n<h3>Aten\u021bie<\/h3>\n<p>A nu se amesteca cu alte substan\u021be chimice! Nu este destinat utiliz\u0103rii pe sticl\u0103 acrilic\u0103 \u0219i materiale similare. <\/p>\n<h3>M\u0103suri de precau\u021bie<\/h3>\n<p>Respecta\u021bi m\u0103surile de siguran\u021b\u0103 indicate pe eticheta produsului \u0219i \u00een fi\u0219a de siguran\u021b\u0103. P\u0103stra\u021bi produsul \u00een ambalajul original, \u00eentr-un loc r\u0103coros \u0219i ferit de soare. A nu se l\u0103sa la \u00eendem\u00e2na copiilor!  <\/p>\n<h3>Depozitare<\/h3>\n<p>A se p\u0103stra la o temperatur\u0103 mai mare de 0 \u00b0C. Termenul de valabilitate este de 5 ani. Produsul trebuie p\u0103strat \u0219i transportat \u00een pozi\u021bie vertical\u0103! Ambalajul gol \u0219i sp\u0103lat trebuie reciclat.  <\/p>\n","protected":false},"excerpt":{"rendered":"<p>Sauna Curat\u0103, 1 l.<\/p>\n","protected":false},"featured_media":2073,"comment_status":"closed","ping_status":"closed","template":"","meta":[],"product_brand":[],"product_cat":[66,70],"product_tag":[],"class_list":{"0":"post-2755","1":"product","2":"type-product","3":"status-publish","4":"has-post-thumbnail","6":"product_cat-produse-chimice-pentru-piscine","7":"product_cat-produse-de-curatare","9":"first","10":"instock","11":"shipping-taxable","12":"purchasable","13":"product-type-simple"},"_links":{"self":[{"href":"https:\/\/chemoform.md\/ro\/wp-json\/wp\/v2\/product\/2755","targetHints":{"allow":["GET"]}}],"collection":[{"href":"https:\/\/chemoform.md\/ro\/wp-json\/wp\/v2\/product"}],"about":[{"href":"https:\/\/chemoform.md\/ro\/wp-json\/wp\/v2\/types\/product"}],"replies":[{"embeddable":true,"href":"https:\/\/chemoform.md\/ro\/wp-json\/wp\/v2\/comments?post=2755"}],"wp:featuredmedia":[{"embeddable":true,"href":"https:\/\/chemoform.md\/ro\/wp-json\/wp\/v2\/media\/2073"}],"wp:attachment":[{"href":"https:\/\/chemoform.md\/ro\/wp-json\/wp\/v2\/media?parent=2755"}],"wp:term":[{"taxonomy":"product_brand","embeddable":true,"href":"https:\/\/chemoform.md\/ro\/wp-json\/wp\/v2\/product_brand?post=2755"},{"taxonomy":"product_cat","embeddable":true,"href":"https:\/\/chemoform.md\/ro\/wp-json\/wp\/v2\/product_cat?post=2755"},{"taxonomy":"product_tag","embeddable":true,"href":"https:\/\/chemoform.md\/ro\/wp-json\/wp\/v2\/product_tag?post=2755"}],"curies":[{"name":"wp","href":"https:\/\/api.w.org\/{rel}","templated":true}]}}