{"id":2753,"date":"2026-03-18T22:57:33","date_gmt":"2026-03-18T22:57:33","guid":{"rendered":"https:\/\/chemoform.md\/product\/flockfix-lichid-30-kg\/"},"modified":"2026-03-18T22:57:33","modified_gmt":"2026-03-18T22:57:33","slug":"flockfix-lichid-30-kg","status":"publish","type":"product","link":"https:\/\/chemoform.md\/ro\/product\/flockfix-lichid-30-kg\/","title":{"rendered":"Flockfix lichid, 30 kg"},"content":{"rendered":"<p>Un produs special pentru absorb\u021bia \u0219i eliminarea particulelor \u00een suspensie (floculant) din apa din piscine, precum \u0219i din apele uzate menajere \u0219i industriale.<\/p>\n<h3>Caracteristici<\/h3>\n<ul>\n<li>Este eficient \u00eentr-un interval larg de valori ale pH-ului.<\/li>\n<li>Gata de utilizare, f\u0103r\u0103 a fi necesar\u0103 diluarea.<\/li>\n<li>Se poate utiliza cu echipamente de dozare.<\/li>\n<li>Ac\u021bioneaz\u0103 rapid \u0219i eficient.<\/li>\n<li>Nu formeaz\u0103 depuneri \u00een injectoare \u0219i \u00een conducte.<\/li>\n<\/ul>\n<h3>Utilizare<\/h3>\n<p><span data-sheets-root=\"1\">Pentru piscine private: pentru a spori eficien\u021ba filtrului cu nisip, cu pompa pornit\u0103, turna\u021bi \u00eencet Flockfix \u00een skimmer, \u00een propor\u021bie de 50-100 ml la 10 m\u00b3 de ap\u0103. Dup\u0103 2-3 zile, filtrul trebuie sp\u0103lat. Pentru o coagulare de lung\u0103 durat\u0103, impregna\u021bi buretele cu produsul \u00een propor\u021bie de 50-100 ml la 10 m\u00b3 de ap\u0103 \u0219i a\u0219eza\u021bi-l \u00een skimmer. Dozarea manual\u0103 se realizeaz\u0103 prin turnarea lent\u0103 a floculantului diluat de-a lungul marginilor piscinei. Produsul diluat trebuie utilizat \u00een decurs de o s\u0103pt\u0103m\u00e2n\u0103. Pentru bazinele publice: seta\u021bi echipamentul de dozare la 0,5-1,0 g\/m\u00b3.     <\/span><\/p>\n<h3>Aten\u021bie<\/h3>\n<p>A nu se amesteca cu alte substan\u021be chimice! A se \u021bine la \u00eendem\u00e2na copiilor! <\/p>\n<h3>M\u0103suri de precau\u021bie<\/h3>\n<p>Respecta\u021bi m\u0103surile de siguran\u021b\u0103 indicate pe eticheta produsului \u0219i \u00een fi\u0219a de siguran\u021b\u0103. P\u0103stra\u021bi produsul \u00een ambalajul original, \u00eentr-un loc r\u0103coros \u0219i ferit de soare. A nu se l\u0103sa la \u00eendem\u00e2na copiilor!  <\/p>\n<h3>Depozitare<\/h3>\n<p>A se p\u0103stra la o temperatur\u0103 mai mare de 0 \u00b0C. Termenul de valabilitate este de 5 ani. Produsul trebuie p\u0103strat \u0219i transportat \u00een pozi\u021bie vertical\u0103! Ambalajul gol \u0219i sp\u0103lat trebuie reciclat.  <\/p>\n","protected":false},"excerpt":{"rendered":"<p>Flockfix lichid, 30 kg.<\/p>\n","protected":false},"featured_media":2295,"comment_status":"closed","ping_status":"closed","template":"","meta":[],"product_brand":[],"product_cat":[72,66],"product_tag":[],"class_list":{"0":"post-2753","1":"product","2":"type-product","3":"status-publish","4":"has-post-thumbnail","6":"product_cat-floculare","7":"product_cat-produse-chimice-pentru-piscine","9":"first","10":"instock","11":"shipping-taxable","12":"purchasable","13":"product-type-simple"},"_links":{"self":[{"href":"https:\/\/chemoform.md\/ro\/wp-json\/wp\/v2\/product\/2753","targetHints":{"allow":["GET"]}}],"collection":[{"href":"https:\/\/chemoform.md\/ro\/wp-json\/wp\/v2\/product"}],"about":[{"href":"https:\/\/chemoform.md\/ro\/wp-json\/wp\/v2\/types\/product"}],"replies":[{"embeddable":true,"href":"https:\/\/chemoform.md\/ro\/wp-json\/wp\/v2\/comments?post=2753"}],"wp:featuredmedia":[{"embeddable":true,"href":"https:\/\/chemoform.md\/ro\/wp-json\/wp\/v2\/media\/2295"}],"wp:attachment":[{"href":"https:\/\/chemoform.md\/ro\/wp-json\/wp\/v2\/media?parent=2753"}],"wp:term":[{"taxonomy":"product_brand","embeddable":true,"href":"https:\/\/chemoform.md\/ro\/wp-json\/wp\/v2\/product_brand?post=2753"},{"taxonomy":"product_cat","embeddable":true,"href":"https:\/\/chemoform.md\/ro\/wp-json\/wp\/v2\/product_cat?post=2753"},{"taxonomy":"product_tag","embeddable":true,"href":"https:\/\/chemoform.md\/ro\/wp-json\/wp\/v2\/product_tag?post=2753"}],"curies":[{"name":"wp","href":"https:\/\/api.w.org\/{rel}","templated":true}]}}