{"id":2751,"date":"2026-03-25T16:48:08","date_gmt":"2026-03-25T16:48:08","guid":{"rendered":"https:\/\/chemoform.md\/product\/metall-ex-1-l\/"},"modified":"2026-03-25T16:48:08","modified_gmt":"2026-03-25T16:48:08","slug":"metall-ex-1-l","status":"publish","type":"product","link":"https:\/\/chemoform.md\/ro\/product\/metall-ex-1-l\/","title":{"rendered":"Metall-Ex, 1 l"},"content":{"rendered":"<p>Produs special pentru eliminarea fierului, cuprului, argintului, calciului \u0219i a altor metale din apa piscinei<\/p>\n<h3>Caracteristici<\/h3>\n<ul>\n<li>\u00cendep\u0103rteaz\u0103 depunerile de metale \u0219i calciu de pe fundul \u0219i pere\u021bii piscinei, f\u0103r\u0103 a fi necesar\u0103 golirea acesteia.<\/li>\n<li>Reduce duritatea apei.<\/li>\n<li>\u00cendep\u0103rteaz\u0103, de asemenea, depunerile uscate de metale \u0219i calciu.<\/li>\n<li>V\u0103 pute\u021bi sc\u0103lda imediat dup\u0103 ce ad\u0103uga\u021bi Metall-Ex!<\/li>\n<\/ul>\n<h3>Utilizare<\/h3>\n<p>\u00cenainte de utilizarea Metall-Ex, se recomand\u0103 cre\u0219terea nivelului pH-ului la 7,5. Pentru \u00eendep\u0103rtarea depunerilor metalice, sunt necesari 0,3-0,6 litri de produs la 10 m\u00b3 de ap\u0103, distribuind uniform produsul pe suprafa\u021ba apei. Porni\u021bi instala\u021bia de filtrare timp de 48 de ore, apoi cl\u0103ti\u021bi filtrul \u0219i corecta\u021bi nivelul pH-ului. Recomand\u0103ri: Nu este deloc dificil s\u0103 se determine tipul depunerii, adic\u0103 dac\u0103 este metalic\u0103 sau organic\u0103. Pentru aceasta, a\u0219eza\u021bi o c\u00e2rp\u0103 umezit\u0103 cu produsul pe pata de depunere timp de 5-10 minute. Dac\u0103 pata se deschide la culoare, \u00eenseamn\u0103 c\u0103 este vorba de o depunere metalic\u0103. Dac\u0103 pata se \u00eeng\u0103lbene\u0219te, atunci aceasta<br \/>\ndepunere organic\u0103, \u00eempotriva c\u0103reia medicamentul este neputincios.       <\/p>\n<h3>Aten\u021bie<\/h3>\n<p>A nu se amesteca cu alte substan\u021be chimice!<\/p>\n<h3>M\u0103suri de precau\u021bie<\/h3>\n<p>Respecta\u021bi m\u0103surile de siguran\u021b\u0103 indicate pe eticheta produsului \u0219i \u00een fi\u0219a de siguran\u021b\u0103. P\u0103stra\u021bi produsul \u00een ambalajul original, \u00eentr-un loc r\u0103coros \u0219i ferit de soare. A nu se l\u0103sa la \u00eendem\u00e2na copiilor!  <\/p>\n<h3>Depozitare<\/h3>\n<p>A se p\u0103stra \u00eentr-un loc uscat \u0219i r\u0103coros. Termen de valabilitate: 5 ani. Produsul trebuie p\u0103strat \u0219i transportat \u00een pozi\u021bie vertical\u0103! Ambalajul gol \u0219i sp\u0103lat trebuie reciclat.   <\/p>\n","protected":false},"excerpt":{"rendered":"<p>Metall-Ex, 1 l.<\/p>\n","protected":false},"featured_media":2237,"comment_status":"closed","ping_status":"closed","template":"","meta":[],"product_brand":[],"product_cat":[66,71],"product_tag":[],"class_list":{"0":"post-2751","1":"product","2":"type-product","3":"status-publish","4":"has-post-thumbnail","6":"product_cat-produse-chimice-pentru-piscine","7":"product_cat-produse-speciale","9":"first","10":"instock","11":"shipping-taxable","12":"purchasable","13":"product-type-simple"},"_links":{"self":[{"href":"https:\/\/chemoform.md\/ro\/wp-json\/wp\/v2\/product\/2751","targetHints":{"allow":["GET"]}}],"collection":[{"href":"https:\/\/chemoform.md\/ro\/wp-json\/wp\/v2\/product"}],"about":[{"href":"https:\/\/chemoform.md\/ro\/wp-json\/wp\/v2\/types\/product"}],"replies":[{"embeddable":true,"href":"https:\/\/chemoform.md\/ro\/wp-json\/wp\/v2\/comments?post=2751"}],"wp:featuredmedia":[{"embeddable":true,"href":"https:\/\/chemoform.md\/ro\/wp-json\/wp\/v2\/media\/2237"}],"wp:attachment":[{"href":"https:\/\/chemoform.md\/ro\/wp-json\/wp\/v2\/media?parent=2751"}],"wp:term":[{"taxonomy":"product_brand","embeddable":true,"href":"https:\/\/chemoform.md\/ro\/wp-json\/wp\/v2\/product_brand?post=2751"},{"taxonomy":"product_cat","embeddable":true,"href":"https:\/\/chemoform.md\/ro\/wp-json\/wp\/v2\/product_cat?post=2751"},{"taxonomy":"product_tag","embeddable":true,"href":"https:\/\/chemoform.md\/ro\/wp-json\/wp\/v2\/product_tag?post=2751"}],"curies":[{"name":"wp","href":"https:\/\/api.w.org\/{rel}","templated":true}]}}