{"id":2749,"date":"2026-03-18T22:53:38","date_gmt":"2026-03-18T22:53:38","guid":{"rendered":"https:\/\/chemoform.md\/product\/flockfix-in-cartuse-8-x-125-g-1-kg\/"},"modified":"2026-03-18T22:53:38","modified_gmt":"2026-03-18T22:53:38","slug":"flockfix-in-cartuse-8-x-125-g-1-kg","status":"publish","type":"product","link":"https:\/\/chemoform.md\/ro\/product\/flockfix-in-cartuse-8-x-125-g-1-kg\/","title":{"rendered":"Flockfix \u00een cartu\u0219e (8 x 125 g), 1 kg"},"content":{"rendered":"<p>Floculant comprimat pentru absorb\u021bia \u0219i eliminarea particulelor \u00een suspensie din apa piscinei, pe baz\u0103 de sulfat de aluminiu.<\/p>\n<h3>Caracteristici<\/h3>\n<ul>\n<li>Se dizolv\u0103 \u00eencet.<\/li>\n<li>Are o durat\u0103 de valabilitate \u00eendelungat\u0103.<\/li>\n<li>Se utilizeaz\u0103 numai cu filtru cu nisip.<\/li>\n<\/ul>\n<h3>Utilizare<\/h3>\n<p>Dup\u0103 ce a\u021bi sp\u0103lat filtrul de 2-3 ori \u0219i a\u021bi reglat nivelul pH-ului (nivelul ideal este 7,0-7,4), introduce\u021bi un cartu\u0219 \u00een skimmer, la o propor\u021bie de un cartu\u0219 la 30-50 m\u00b3 de ap\u0103.<\/p>\n<h3>Aten\u021bie<\/h3>\n<p>Se utilizeaz\u0103 numai cu filtru cu nisip! Nu este compatibil cu filtrele cu cartu\u0219!<\/p>\n<h3>M\u0103suri de precau\u021bie<\/h3>\n<p>Respecta\u021bi m\u0103surile de siguran\u021b\u0103 indicate pe eticheta produsului \u0219i \u00een fi\u0219a de siguran\u021b\u0103. A se p\u0103stra produsul \u00een ambalajul original, \u00eentr-un loc r\u0103coros \u0219i ferit de soare. A se p\u0103stra \u00eentr-un loc inaccesibil copiilor!<\/p>\n<h3>Depozitare<\/h3>\n<p>A se p\u0103stra \u00eentr-un loc uscat \u0219i r\u0103coros. Termenul de valabilitate este de 10 ani.<\/p>\n","protected":false},"excerpt":{"rendered":"<p>Flockfix \u00een cartu\u0219e (8 x 125 g), 1 kg.<\/p>\n","protected":false},"featured_media":2085,"comment_status":"closed","ping_status":"closed","template":"","meta":[],"product_brand":[],"product_cat":[72,66],"product_tag":[],"class_list":{"0":"post-2749","1":"product","2":"type-product","3":"status-publish","4":"has-post-thumbnail","6":"product_cat-floculare","7":"product_cat-produse-chimice-pentru-piscine","9":"first","10":"instock","11":"shipping-taxable","12":"purchasable","13":"product-type-simple"},"_links":{"self":[{"href":"https:\/\/chemoform.md\/ro\/wp-json\/wp\/v2\/product\/2749","targetHints":{"allow":["GET"]}}],"collection":[{"href":"https:\/\/chemoform.md\/ro\/wp-json\/wp\/v2\/product"}],"about":[{"href":"https:\/\/chemoform.md\/ro\/wp-json\/wp\/v2\/types\/product"}],"replies":[{"embeddable":true,"href":"https:\/\/chemoform.md\/ro\/wp-json\/wp\/v2\/comments?post=2749"}],"wp:featuredmedia":[{"embeddable":true,"href":"https:\/\/chemoform.md\/ro\/wp-json\/wp\/v2\/media\/2085"}],"wp:attachment":[{"href":"https:\/\/chemoform.md\/ro\/wp-json\/wp\/v2\/media?parent=2749"}],"wp:term":[{"taxonomy":"product_brand","embeddable":true,"href":"https:\/\/chemoform.md\/ro\/wp-json\/wp\/v2\/product_brand?post=2749"},{"taxonomy":"product_cat","embeddable":true,"href":"https:\/\/chemoform.md\/ro\/wp-json\/wp\/v2\/product_cat?post=2749"},{"taxonomy":"product_tag","embeddable":true,"href":"https:\/\/chemoform.md\/ro\/wp-json\/wp\/v2\/product_tag?post=2749"}],"curies":[{"name":"wp","href":"https:\/\/api.w.org\/{rel}","templated":true}]}}