{"id":2738,"date":"2026-03-18T22:44:53","date_gmt":"2026-03-18T22:44:53","guid":{"rendered":"https:\/\/chemoform.md\/product\/winterfit-1-l\/"},"modified":"2026-03-18T22:44:53","modified_gmt":"2026-03-18T22:44:53","slug":"winterfit-1-l","status":"publish","type":"product","link":"https:\/\/chemoform.md\/ro\/product\/winterfit-1-l\/","title":{"rendered":"Winterfit, 1 l"},"content":{"rendered":"<p>Conservant de iarn\u0103 pentru piscine, \u00eempotriva apari\u021biei algelor \u0219i a depunerilor calcaroase, pe baz\u0103 de clorur\u0103 de benzalconiu.<\/p>\n<h3>Caracteristici<\/h3>\n<ul>\n<li>F\u0103r\u0103 cloruri.<\/li>\n<li>U\u0219or spumos.<\/li>\n<li>pH neutru.<\/li>\n<li>Previne formarea depunerilor de calcar.<\/li>\n<li>Previne dezvoltarea algelor \u00een perioada de iarn\u0103.<\/li>\n<li>Faciliteaz\u0103 considerabil preg\u0103tirea piscinei pentru prim\u0103var\u0103.<\/li>\n<li>Previne apari\u021bia ciupercilor \u0219i a algelor \u00een col\u021burile, \u00eembin\u0103rile \u0219i marginile piscinei.<\/li>\n<\/ul>\n<h3>Utilizare<\/h3>\n<p>La sf\u00e2r\u0219itul sezonului de \u00eenot, \u00eenainte de dozare, trebuie s\u0103 se coboare nivelul apei cu aproximativ 20 cm fa\u021b\u0103 de duzele de alimentare. Dilua\u021bi cantitatea calculat\u0103 de produs cu ap\u0103 \u00een propor\u021bie de 1:10 \u0219i turna\u021bi-o \u00een ap\u0103 de-a lungul marginilor piscinei. Dozare: \u00een func\u021bie de duritatea apei, sunt necesari \u00eentre 300 \u0219i 600 ml de produs la 10 m\u00b3 de ap\u0103. \u00cen timpul iernilor calde, doza trebuie m\u0103rit\u0103.   <\/p>\n<h3>Aten\u021bie<\/h3>\n<p>Winterfit nu protejeaz\u0103 apa \u00eempotriva \u00eenghe\u021bului! \u00cenainte de utilizarea produsului, asigura\u021bi-v\u0103 c\u0103 apa nu con\u021bine clor liber. Dac\u0103 apa con\u021bine clor, se recomand\u0103 reducerea nivelului de clor cu ajutorul produsului Chlor-Stop. A nu se l\u0103sa la \u00eendem\u00e2na copiilor!   <\/p>\n<h3>M\u0103suri de precau\u021bie<\/h3>\n<p>Respecta\u021bi m\u0103surile de siguran\u021b\u0103 indicate pe eticheta produsului \u0219i \u00een fi\u0219a de siguran\u021b\u0103. P\u0103stra\u021bi produsul \u00een ambalajul original, \u00eentr-un loc r\u0103coros \u0219i ferit de soare. A nu se l\u0103sa la \u00eendem\u00e2na copiilor!  <\/p>\n<h3>Depozitare<\/h3>\n<p>A se p\u0103stra la o temperatur\u0103 mai mare de 0 \u00b0C. Termenul de valabilitate este de 5 ani. Produsul trebuie p\u0103strat \u0219i transportat \u00een pozi\u021bie vertical\u0103! Ambalajul gol \u0219i sp\u0103lat trebuie reciclat.  <\/p>\n","protected":false},"excerpt":{"rendered":"<p>Winterfit, 1 l<\/p>\n","protected":false},"featured_media":2270,"comment_status":"closed","ping_status":"closed","template":"","meta":[],"product_brand":[],"product_cat":[68,66],"product_tag":[],"class_list":{"0":"post-2738","1":"product","2":"type-product","3":"status-publish","4":"has-post-thumbnail","6":"product_cat-combaterea-algelor","7":"product_cat-produse-chimice-pentru-piscine","9":"first","10":"instock","11":"shipping-taxable","12":"purchasable","13":"product-type-simple"},"_links":{"self":[{"href":"https:\/\/chemoform.md\/ro\/wp-json\/wp\/v2\/product\/2738","targetHints":{"allow":["GET"]}}],"collection":[{"href":"https:\/\/chemoform.md\/ro\/wp-json\/wp\/v2\/product"}],"about":[{"href":"https:\/\/chemoform.md\/ro\/wp-json\/wp\/v2\/types\/product"}],"replies":[{"embeddable":true,"href":"https:\/\/chemoform.md\/ro\/wp-json\/wp\/v2\/comments?post=2738"}],"wp:featuredmedia":[{"embeddable":true,"href":"https:\/\/chemoform.md\/ro\/wp-json\/wp\/v2\/media\/2270"}],"wp:attachment":[{"href":"https:\/\/chemoform.md\/ro\/wp-json\/wp\/v2\/media?parent=2738"}],"wp:term":[{"taxonomy":"product_brand","embeddable":true,"href":"https:\/\/chemoform.md\/ro\/wp-json\/wp\/v2\/product_brand?post=2738"},{"taxonomy":"product_cat","embeddable":true,"href":"https:\/\/chemoform.md\/ro\/wp-json\/wp\/v2\/product_cat?post=2738"},{"taxonomy":"product_tag","embeddable":true,"href":"https:\/\/chemoform.md\/ro\/wp-json\/wp\/v2\/product_tag?post=2738"}],"curies":[{"name":"wp","href":"https:\/\/api.w.org\/{rel}","templated":true}]}}