{"id":2733,"date":"2026-03-18T21:36:43","date_gmt":"2026-03-18T21:36:43","guid":{"rendered":"https:\/\/chemoform.md\/product\/kemohlor-sn-granulat-45-kg\/"},"modified":"2026-03-18T21:36:43","modified_gmt":"2026-03-18T21:36:43","slug":"kemohlor-sn-granulat-45-kg","status":"publish","type":"product","link":"https:\/\/chemoform.md\/ro\/product\/kemohlor-sn-granulat-45-kg\/","title":{"rendered":"Kemohlor SN granulat, 45 kg"},"content":{"rendered":"<p>Produs granulat pe baz\u0103 de hipoclorit de calciu pentru dezinfectarea apei potabile \u0219i a apei din piscine.<\/p>\n<h3>Caracteristici<\/h3>\n<ul>\n<li>Cre\u0219te u\u0219or nivelul pH-ului.<\/li>\n<li>Se dizolv\u0103 rapid, l\u0103s\u00e2nd foarte pu\u021bine reziduuri.<\/li>\n<li>Este deosebit de potrivit pentru apa moale.<\/li>\n<\/ul>\n<h3>Utilizare<\/h3>\n<p>Nivelul optim al pH-ului: 7,0-7,4. Nivelul optim al clorului: 0,6-1,0. \u00cenainte de utilizare, dizolva\u021bi granulele \u00een ap\u0103, ad\u0103ug\u00e2nd granulele \u00een ap\u0103, nu invers! Dozare: Pentru clorurarea ini\u021bial\u0103 sunt necesare 70 g de granule la 10 m\u00b3 de ap\u0103. Apoi, la fiecare 2-3 zile, ad\u0103uga\u021bi 20-30 g la 10 m\u00b3 de ap\u0103. Dozarea se efectueaz\u0103 cel mai bine seara, prin turnare lent\u0103 de-a lungul marginilor piscinei.     <\/p>\n<h3>Aten\u021bie<\/h3>\n<p>Nu arunca\u021bi granule \u00een piscine cu folie, din polipropilen\u0103 sau de alt tip, care nu sunt placate cu gresie! Exist\u0103 riscul decolor\u0103rii materialelor! Nu amesteca\u021bi cu alte substan\u021be chimice! \u00cen cazul amestec\u0103rii cu alte substan\u021be, exist\u0103 riscul emiterii de gaze toxice \u0219i al unei explozii!   <\/p>\n<h3>M\u0103suri de precau\u021bie<\/h3>\n<p>Respecta\u021bi m\u0103surile de siguran\u021b\u0103 indicate pe eticheta produsului \u0219i \u00een fi\u0219a de siguran\u021b\u0103. P\u0103stra\u021bi produsul \u00een ambalajul original, \u00eentr-un loc r\u0103coros \u0219i ferit de soare. A nu se l\u0103sa la \u00eendem\u00e2na copiilor!  <\/p>\n<h3>Depozitare<\/h3>\n<p>A se p\u0103stra \u00eentr-un loc uscat \u0219i r\u0103coros. Termen de valabilitate: 10 ani. Produsul trebuie p\u0103strat \u0219i transportat \u00een pozi\u021bie vertical\u0103! Ambalajul gol \u0219i sp\u0103lat trebuie reciclat.   <\/p>\n","protected":false},"excerpt":{"rendered":"<p>Kemohlor SN \u2013 granulat, 45 kg.<\/p>\n","protected":false},"featured_media":2099,"comment_status":"closed","ping_status":"closed","template":"","meta":[],"product_brand":[],"product_cat":[69,66],"product_tag":[],"class_list":{"0":"post-2733","1":"product","2":"type-product","3":"status-publish","4":"has-post-thumbnail","6":"product_cat-dezinfectare","7":"product_cat-produse-chimice-pentru-piscine","9":"first","10":"instock","11":"shipping-taxable","12":"purchasable","13":"product-type-simple"},"_links":{"self":[{"href":"https:\/\/chemoform.md\/ro\/wp-json\/wp\/v2\/product\/2733","targetHints":{"allow":["GET"]}}],"collection":[{"href":"https:\/\/chemoform.md\/ro\/wp-json\/wp\/v2\/product"}],"about":[{"href":"https:\/\/chemoform.md\/ro\/wp-json\/wp\/v2\/types\/product"}],"replies":[{"embeddable":true,"href":"https:\/\/chemoform.md\/ro\/wp-json\/wp\/v2\/comments?post=2733"}],"wp:featuredmedia":[{"embeddable":true,"href":"https:\/\/chemoform.md\/ro\/wp-json\/wp\/v2\/media\/2099"}],"wp:attachment":[{"href":"https:\/\/chemoform.md\/ro\/wp-json\/wp\/v2\/media?parent=2733"}],"wp:term":[{"taxonomy":"product_brand","embeddable":true,"href":"https:\/\/chemoform.md\/ro\/wp-json\/wp\/v2\/product_brand?post=2733"},{"taxonomy":"product_cat","embeddable":true,"href":"https:\/\/chemoform.md\/ro\/wp-json\/wp\/v2\/product_cat?post=2733"},{"taxonomy":"product_tag","embeddable":true,"href":"https:\/\/chemoform.md\/ro\/wp-json\/wp\/v2\/product_tag?post=2733"}],"curies":[{"name":"wp","href":"https:\/\/api.w.org\/{rel}","templated":true}]}}