{"id":2697,"date":"2026-03-18T21:59:30","date_gmt":"2026-03-18T21:59:30","guid":{"rendered":"https:\/\/chemoform.md\/product\/alba-super-k-1-l\/"},"modified":"2026-03-18T21:59:30","modified_gmt":"2026-03-18T21:59:30","slug":"alba-super-k-1-l","status":"publish","type":"product","link":"https:\/\/chemoform.md\/ro\/product\/alba-super-k-1-l\/","title":{"rendered":"Alba Super K, 1 l"},"content":{"rendered":"<p>Produs lichid (algicid) \u00eempotriva algelor \u0219i ciupercilor din apa piscinei, pe baz\u0103 de compu\u0219i de amoniu cuaternar.<\/p>\n<h3>Caracteristici<\/h3>\n<ul>\n<li>Nu face spum\u0103.<\/li>\n<li>Se poate utiliza cu atrac\u021biile acvatice \u0219i cu c\u0103zile cu hidromasaj.<\/li>\n<li>Nu con\u021bine metale grele.<\/li>\n<li>pH neutru.<\/li>\n<li>Este compatibil cu toate produsele dezinfectante pe baz\u0103 de clor \u0219i cu alte produse dezinfectante.<\/li>\n<li>Rezistent la temperaturi ridicate \u0219i la razele solare.<\/li>\n<li>Are un efect de lung\u0103 durat\u0103.<\/li>\n<li>concentra\u021bie de lucru, f\u0103r\u0103 miros \u0219i gust.<\/li>\n<\/ul>\n<h3>Utilizare<\/h3>\n<p>Nivelul optim al pH-ului: 7,0-7,4. Dup\u0103 cur\u0103\u021barea piscinei, \u00eenainte de umplerea acesteia, se recomand\u0103 aplicarea unei solu\u021bii de 1% \u201eAlba Super K\u201d pe suprafa\u021ba bazinului, pentru a distruge ciupercile \u0219i algele r\u0103mase sau care au ap\u0103rut deja. Dozaj: pentru tratarea ini\u021bial\u0103 sunt necesari 150 ml de algicid la 10 m\u00b3 de ap\u0103. Apoi, la fiecare 14 zile, ad\u0103uga\u021bi 100 ml la 10 m\u00b3 de ap\u0103. La temperaturi ridicate \u0219i precipita\u021bii, doza trebuie m\u0103rit\u0103.<\/p>\n<h3>Aten\u021bie<\/h3>\n<p>A se \u021bine la \u00eendem\u00e2na copiilor!<\/p>\n<h3>M\u0103suri de precau\u021bie<\/h3>\n<p>Respecta\u021bi m\u0103surile de siguran\u021b\u0103 indicate pe eticheta produsului \u0219i \u00een fi\u0219a de siguran\u021b\u0103. A se p\u0103stra produsul \u00een ambalajul original, \u00eentr-un loc r\u0103coros \u0219i ferit de soare. A se p\u0103stra \u00eentr-un loc inaccesibil copiilor!<\/p>\n<h3>Depozitare<\/h3>\n<p>A se p\u0103stra la o temperatur\u0103 mai mare de 0 \u00b0C. Termenul de valabilitate este de 5 ani. Produsul trebuie depozitat \u0219i transportat \u00een pozi\u021bie vertical\u0103! Ambalajele golite \u0219i sp\u0103late trebuie reciclate.<\/p>\n","protected":false},"excerpt":{"rendered":"<p>Alba Super K, 1 l.<\/p>\n","protected":false},"featured_media":2058,"comment_status":"closed","ping_status":"closed","template":"","meta":[],"product_brand":[],"product_cat":[68,66],"product_tag":[],"class_list":{"0":"post-2697","1":"product","2":"type-product","3":"status-publish","4":"has-post-thumbnail","6":"product_cat-combaterea-algelor","7":"product_cat-produse-chimice-pentru-piscine","9":"first","10":"instock","11":"shipping-taxable","12":"purchasable","13":"product-type-simple"},"_links":{"self":[{"href":"https:\/\/chemoform.md\/ro\/wp-json\/wp\/v2\/product\/2697","targetHints":{"allow":["GET"]}}],"collection":[{"href":"https:\/\/chemoform.md\/ro\/wp-json\/wp\/v2\/product"}],"about":[{"href":"https:\/\/chemoform.md\/ro\/wp-json\/wp\/v2\/types\/product"}],"replies":[{"embeddable":true,"href":"https:\/\/chemoform.md\/ro\/wp-json\/wp\/v2\/comments?post=2697"}],"wp:featuredmedia":[{"embeddable":true,"href":"https:\/\/chemoform.md\/ro\/wp-json\/wp\/v2\/media\/2058"}],"wp:attachment":[{"href":"https:\/\/chemoform.md\/ro\/wp-json\/wp\/v2\/media?parent=2697"}],"wp:term":[{"taxonomy":"product_brand","embeddable":true,"href":"https:\/\/chemoform.md\/ro\/wp-json\/wp\/v2\/product_brand?post=2697"},{"taxonomy":"product_cat","embeddable":true,"href":"https:\/\/chemoform.md\/ro\/wp-json\/wp\/v2\/product_cat?post=2697"},{"taxonomy":"product_tag","embeddable":true,"href":"https:\/\/chemoform.md\/ro\/wp-json\/wp\/v2\/product_tag?post=2697"}],"curies":[{"name":"wp","href":"https:\/\/api.w.org\/{rel}","templated":true}]}}