{"id":2686,"date":"2026-03-27T12:10:09","date_gmt":"2026-03-27T12:10:09","guid":{"rendered":"https:\/\/chemoform.md\/product\/cf1000-pro\/"},"modified":"2026-03-27T12:10:09","modified_gmt":"2026-03-27T12:10:09","slug":"cf1000-pro","status":"publish","type":"product","link":"https:\/\/chemoform.md\/ro\/product\/cf1000-pro\/","title":{"rendered":"CF1000 PRO"},"content":{"rendered":"<p>ROBOT DE CUR\u0102\u021aARE, CARE COMBIN\u0102 U\u0218URIN\u021aA DE UTILIZARE CU EFICIEN\u021aA.<\/p>\n<p>&nbsp;<\/p>\n<p>Modelul CF 1000 Pro, compact dar puternic, asigur\u0103 o cur\u0103\u021benie excep\u021bional\u0103 datorit\u0103 sistemului patentat de aspirare ciclonic\u0103, fiind ideal pentru o func\u021bionare eficient\u0103 \u00een orice piscin\u0103.<\/p>\n","protected":false},"excerpt":{"rendered":"<p>Pre\u021b la cerere<\/p>\n","protected":false},"featured_media":2313,"comment_status":"closed","ping_status":"closed","template":"","meta":[],"product_brand":[],"product_cat":[83],"product_tag":[],"class_list":{"0":"post-2686","1":"product","2":"type-product","3":"status-publish","4":"has-post-thumbnail","6":"product_cat-roboti-aspirator","8":"first","9":"instock","10":"shipping-taxable","11":"product-type-simple"},"_links":{"self":[{"href":"https:\/\/chemoform.md\/ro\/wp-json\/wp\/v2\/product\/2686","targetHints":{"allow":["GET"]}}],"collection":[{"href":"https:\/\/chemoform.md\/ro\/wp-json\/wp\/v2\/product"}],"about":[{"href":"https:\/\/chemoform.md\/ro\/wp-json\/wp\/v2\/types\/product"}],"replies":[{"embeddable":true,"href":"https:\/\/chemoform.md\/ro\/wp-json\/wp\/v2\/comments?post=2686"}],"wp:featuredmedia":[{"embeddable":true,"href":"https:\/\/chemoform.md\/ro\/wp-json\/wp\/v2\/media\/2313"}],"wp:attachment":[{"href":"https:\/\/chemoform.md\/ro\/wp-json\/wp\/v2\/media?parent=2686"}],"wp:term":[{"taxonomy":"product_brand","embeddable":true,"href":"https:\/\/chemoform.md\/ro\/wp-json\/wp\/v2\/product_brand?post=2686"},{"taxonomy":"product_cat","embeddable":true,"href":"https:\/\/chemoform.md\/ro\/wp-json\/wp\/v2\/product_cat?post=2686"},{"taxonomy":"product_tag","embeddable":true,"href":"https:\/\/chemoform.md\/ro\/wp-json\/wp\/v2\/product_tag?post=2686"}],"curies":[{"name":"wp","href":"https:\/\/api.w.org\/{rel}","templated":true}]}}