{"id":2639,"date":"2026-03-30T12:07:32","date_gmt":"2026-03-30T12:07:32","guid":{"rendered":"https:\/\/chemoform.md\/product\/piscine-rotunde-de-diferite-dimensiuni\/"},"modified":"2026-03-30T12:07:32","modified_gmt":"2026-03-30T12:07:32","slug":"piscine-rotunde-de-diferite-dimensiuni","status":"publish","type":"product","link":"https:\/\/chemoform.md\/ro\/product\/piscine-rotunde-de-diferite-dimensiuni\/","title":{"rendered":"Piscine rotunde de diferite dimensiuni"},"content":{"rendered":"<p>Calitate excelent\u0103 la un pre\u021b accesibil. Piscinele noastre din o\u021bel sunt proiectate \u0219i fabricate \u00een propria noastr\u0103 fabric\u0103 din ora\u0219ul Bulle (Fran\u021ba). Piscinele modulare din o\u021bel ofer\u0103 u\u0219urin\u021b\u0103 \u00een utilizare \u0219i o fiabilitate ridicat\u0103 a materialelor. Folia pentru piscin\u0103 de 0,6 mm din PVC, culoare albastru adriatic, rezistent\u0103 la \u00eenghe\u021b, ceea ce permite s\u0103 nu demonta\u021bi piscina \u00een perioada de iarn\u0103. Folia este stabilizat\u0103 la raze UV, ceea ce garanteaz\u0103 o utilizare de lung\u0103 durat\u0103 chiar \u0219i \u00een cele mai c\u0103lduroase zile. Peretele din o\u021bel de 0,6 mm (pentru o ad\u00e2ncime a bazinului de 1,5 m = 0,8 mm) este zincat \u0219i acoperit cu un lac de protec\u021bie. U\u0219or de montat \u0219i de utilizat.      <\/p>\n","protected":false},"excerpt":{"rendered":"<p>Pre\u021b la cerere<\/p>\n<p><b>Piscine de diferite forme \u0219i dimensiuni<\/b><\/p>\n","protected":false},"featured_media":2441,"comment_status":"closed","ping_status":"closed","template":"","meta":[],"product_brand":[],"product_cat":[62,63],"product_tag":[],"class_list":{"0":"post-2639","1":"product","2":"type-product","3":"status-publish","4":"has-post-thumbnail","6":"product_cat-piscine-prefabricate","7":"product_cat-piscine-prefabricate-cu-pereti-din-otel","9":"first","10":"instock","11":"shipping-taxable","12":"product-type-simple"},"_links":{"self":[{"href":"https:\/\/chemoform.md\/ro\/wp-json\/wp\/v2\/product\/2639","targetHints":{"allow":["GET"]}}],"collection":[{"href":"https:\/\/chemoform.md\/ro\/wp-json\/wp\/v2\/product"}],"about":[{"href":"https:\/\/chemoform.md\/ro\/wp-json\/wp\/v2\/types\/product"}],"replies":[{"embeddable":true,"href":"https:\/\/chemoform.md\/ro\/wp-json\/wp\/v2\/comments?post=2639"}],"wp:featuredmedia":[{"embeddable":true,"href":"https:\/\/chemoform.md\/ro\/wp-json\/wp\/v2\/media\/2441"}],"wp:attachment":[{"href":"https:\/\/chemoform.md\/ro\/wp-json\/wp\/v2\/media?parent=2639"}],"wp:term":[{"taxonomy":"product_brand","embeddable":true,"href":"https:\/\/chemoform.md\/ro\/wp-json\/wp\/v2\/product_brand?post=2639"},{"taxonomy":"product_cat","embeddable":true,"href":"https:\/\/chemoform.md\/ro\/wp-json\/wp\/v2\/product_cat?post=2639"},{"taxonomy":"product_tag","embeddable":true,"href":"https:\/\/chemoform.md\/ro\/wp-json\/wp\/v2\/product_tag?post=2639"}],"curies":[{"name":"wp","href":"https:\/\/api.w.org\/{rel}","templated":true}]}}