{"id":2617,"date":"2026-03-18T20:37:06","date_gmt":"2026-03-18T20:37:06","guid":{"rendered":"https:\/\/chemoform.md\/product\/tablete-multifunctionale-all-in-one-20-g-1-kg\/"},"modified":"2026-03-18T20:37:06","modified_gmt":"2026-03-18T20:37:06","slug":"tablete-multifunctionale-all-in-one-20-g-1-kg","status":"publish","type":"product","link":"https:\/\/chemoform.md\/ro\/product\/tablete-multifunctionale-all-in-one-20-g-1-kg\/","title":{"rendered":"Tablete multifunc\u021bionale \u201eAll-in-one\u201d 20 g, 1 kg"},"content":{"rendered":"<p>Preparat sub form\u0103 de tablete cu clor pentru \u00eengrijirea combinat\u0103 a apei din piscine cu un volum mai mic de 20 m\u00b3. Clor \u2013 pentru o dezinfectare de lung\u0103 durat\u0103. Algicid \u2013 pentru combaterea algelor. Floculant \u2013 pentru o claritate cristalin\u0103.   <\/p>\n<h3>Caracteristici<\/h3>\n<ul>\n<li>pH neutru.<\/li>\n<li>Se dizolv\u0103 foarte \u00eencet \u0219i complet.<\/li>\n<li>Potrivit pentru ap\u0103 cu orice grad de duritate.<\/li>\n<li>Rezistent la razele solare \u0219i la c\u0103ldur\u0103.<\/li>\n<\/ul>\n<h3>Utilizare<\/h3>\n<p>Nivelul optim al pH-ului: 7,0-7,4. Nivelul optim al clorului: 0,6-1,0. Dozarea se efectueaz\u0103 cu ajutorul unei capsule plutitoare sau al unui skimmer. Nu arunca\u021bi pastilele \u00een piscin\u0103 (pericol de decolorare a materialelor). Dozare: pentru o dezinfectare de lung\u0103 durat\u0103 sunt necesare 5 pastile la 10 m\u00b3 de ap\u0103 la fiecare 8-10 zile. Dozarea se efectueaz\u0103 cel mai bine seara, dup\u0103 terminarea ultimei sesiuni.     <\/p>\n<h3>Aten\u021bie<\/h3>\n<p>Nu arunca\u021bi pastilele \u00een piscin\u0103! Exist\u0103 riscul decolor\u0103rii materialelor! Nu amesteca\u021bi cu alte substan\u021be chimice! \u00cen cazul amestec\u0103rii cu alte substan\u021be, exist\u0103 riscul emiterii de gaze toxice \u0219i al unei explozii!   <\/p>\n<h3>M\u0103suri de precau\u021bie<\/h3>\n<p>Respecta\u021bi m\u0103surile de siguran\u021b\u0103 indicate pe eticheta produsului \u0219i \u00een fi\u0219a de siguran\u021b\u0103. P\u0103stra\u021bi produsul \u00een ambalajul original, \u00eentr-un loc r\u0103coros \u0219i ferit de soare. A nu se l\u0103sa la \u00eendem\u00e2na copiilor!  <\/p>\n<h3>Depozitare<\/h3>\n<p>A se p\u0103stra \u00eentr-un loc uscat \u0219i r\u0103coros. Termen de valabilitate: 10 ani. Produsul trebuie p\u0103strat \u0219i transportat \u00een pozi\u021bie vertical\u0103! Ambalajul gol \u0219i sp\u0103lat trebuie reciclat.   <\/p>\n","protected":false},"excerpt":{"rendered":"<p>Tablete multifunc\u021bionale \u201eAll-in-one\u201d, 20 g, 1 kg.<\/p>\n","protected":false},"featured_media":2095,"comment_status":"closed","ping_status":"closed","template":"","meta":[],"product_brand":[],"product_cat":[69,66],"product_tag":[],"class_list":{"0":"post-2617","1":"product","2":"type-product","3":"status-publish","4":"has-post-thumbnail","6":"product_cat-dezinfectare","7":"product_cat-produse-chimice-pentru-piscine","9":"first","10":"instock","11":"shipping-taxable","12":"purchasable","13":"product-type-simple"},"_links":{"self":[{"href":"https:\/\/chemoform.md\/ro\/wp-json\/wp\/v2\/product\/2617","targetHints":{"allow":["GET"]}}],"collection":[{"href":"https:\/\/chemoform.md\/ro\/wp-json\/wp\/v2\/product"}],"about":[{"href":"https:\/\/chemoform.md\/ro\/wp-json\/wp\/v2\/types\/product"}],"replies":[{"embeddable":true,"href":"https:\/\/chemoform.md\/ro\/wp-json\/wp\/v2\/comments?post=2617"}],"wp:featuredmedia":[{"embeddable":true,"href":"https:\/\/chemoform.md\/ro\/wp-json\/wp\/v2\/media\/2095"}],"wp:attachment":[{"href":"https:\/\/chemoform.md\/ro\/wp-json\/wp\/v2\/media?parent=2617"}],"wp:term":[{"taxonomy":"product_brand","embeddable":true,"href":"https:\/\/chemoform.md\/ro\/wp-json\/wp\/v2\/product_brand?post=2617"},{"taxonomy":"product_cat","embeddable":true,"href":"https:\/\/chemoform.md\/ro\/wp-json\/wp\/v2\/product_cat?post=2617"},{"taxonomy":"product_tag","embeddable":true,"href":"https:\/\/chemoform.md\/ro\/wp-json\/wp\/v2\/product_tag?post=2617"}],"curies":[{"name":"wp","href":"https:\/\/api.w.org\/{rel}","templated":true}]}}