{"id":2609,"date":"2026-03-18T18:51:07","date_gmt":"2026-03-18T18:51:07","guid":{"rendered":"https:\/\/chemoform.md\/product\/kemohlor-t-tablete-de-200-g-50-kg\/"},"modified":"2026-03-18T18:51:07","modified_gmt":"2026-03-18T18:51:07","slug":"kemohlor-t-tablete-de-200-g-50-kg","status":"publish","type":"product","link":"https:\/\/chemoform.md\/ro\/product\/kemohlor-t-tablete-de-200-g-50-kg\/","title":{"rendered":"Kemohlor T \u2013 Tablete de 200 g, 50 kg"},"content":{"rendered":"<p>Preparat sub form\u0103 de tablete cu clor pentru dezinfectarea de lung\u0103 durat\u0103 a apei din piscine cu un volum mai mare de 20 m\u00b3.<\/p>\n<h3>Caracteristici<\/h3>\n<ul>\n<li>pH neutru.<\/li>\n<li>Se dizolv\u0103 foarte \u00eencet \u0219i complet.<\/li>\n<li>Potrivit pentru ap\u0103 cu orice grad de duritate.<\/li>\n<li>Rezistent la razele solare \u0219i la c\u0103ldur\u0103.<\/li>\n<\/ul>\n<h3>Utilizare<\/h3>\n<p>Nivelul optim al pH-ului: 7,0-7,4. Nivelul optim de clor: 0,6-1,0. Dozarea se efectueaz\u0103 cu ajutorul unei capsule plutitoare sau al unui skimmer. Nu arunca\u021bi pastilele \u00een piscin\u0103 (riscul decolor\u0103rii materialelor). Dozaj: pentru o dezinfectare de lung\u0103 durat\u0103, este necesar\u0103 1 pastil\u0103 la 30-50 m\u00b3 de ap\u0103 la fiecare 7-10 zile. Este recomandat s\u0103 se efectueze administrarea seara, dup\u0103 terminarea ultimei \u0219edin\u021be.<\/p>\n<h3>Aten\u021bie<\/h3>\n<p>Nu arunca\u021bi pastilele \u00een piscin\u0103! Pericol de decolorare a materialelor! A nu se amesteca cu alte substan\u021be chimice! \u00cen cazul amestec\u0103rii cu alte substan\u021be, exist\u0103 riscul de degajare a unor gaze toxice \u0219i de explozie!<\/p>\n<h3>M\u0103suri de precau\u021bie<\/h3>\n<p>Respecta\u021bi m\u0103surile de siguran\u021b\u0103 indicate pe eticheta produsului \u0219i \u00een fi\u0219a de siguran\u021b\u0103. A se p\u0103stra produsul \u00een ambalajul original, \u00eentr-un loc r\u0103coros \u0219i ferit de soare. A se p\u0103stra \u00eentr-un loc inaccesibil copiilor!<\/p>\n<h3>Depozitare<\/h3>\n<p>A se p\u0103stra \u00eentr-un loc uscat \u0219i r\u0103coros. Termenul de valabilitate este de 10 ani. Produsul trebuie depozitat \u0219i transportat \u00een pozi\u021bie vertical\u0103! Ambalajele golite \u0219i sp\u0103late trebuie reciclate.<\/p>\n","protected":false},"excerpt":{"rendered":"<p>Kemohlor T \u2013 Tablete de 200 g, 50 kg.<\/p>\n","protected":false},"featured_media":2107,"comment_status":"closed","ping_status":"closed","template":"","meta":[],"product_brand":[],"product_cat":[69,66],"product_tag":[],"class_list":{"0":"post-2609","1":"product","2":"type-product","3":"status-publish","4":"has-post-thumbnail","6":"product_cat-dezinfectare","7":"product_cat-produse-chimice-pentru-piscine","9":"first","10":"instock","11":"shipping-taxable","12":"purchasable","13":"product-type-simple"},"_links":{"self":[{"href":"https:\/\/chemoform.md\/ro\/wp-json\/wp\/v2\/product\/2609","targetHints":{"allow":["GET"]}}],"collection":[{"href":"https:\/\/chemoform.md\/ro\/wp-json\/wp\/v2\/product"}],"about":[{"href":"https:\/\/chemoform.md\/ro\/wp-json\/wp\/v2\/types\/product"}],"replies":[{"embeddable":true,"href":"https:\/\/chemoform.md\/ro\/wp-json\/wp\/v2\/comments?post=2609"}],"wp:featuredmedia":[{"embeddable":true,"href":"https:\/\/chemoform.md\/ro\/wp-json\/wp\/v2\/media\/2107"}],"wp:attachment":[{"href":"https:\/\/chemoform.md\/ro\/wp-json\/wp\/v2\/media?parent=2609"}],"wp:term":[{"taxonomy":"product_brand","embeddable":true,"href":"https:\/\/chemoform.md\/ro\/wp-json\/wp\/v2\/product_brand?post=2609"},{"taxonomy":"product_cat","embeddable":true,"href":"https:\/\/chemoform.md\/ro\/wp-json\/wp\/v2\/product_cat?post=2609"},{"taxonomy":"product_tag","embeddable":true,"href":"https:\/\/chemoform.md\/ro\/wp-json\/wp\/v2\/product_tag?post=2609"}],"curies":[{"name":"wp","href":"https:\/\/api.w.org\/{rel}","templated":true}]}}