{"id":2568,"date":"2026-03-16T16:01:17","date_gmt":"2026-03-16T16:01:17","guid":{"rendered":"https:\/\/chemoform.md\/product\/ph-minus-granulat-25-kg\/"},"modified":"2026-03-16T16:01:17","modified_gmt":"2026-03-16T16:01:17","slug":"ph-minus-granulat-25-kg","status":"publish","type":"product","link":"https:\/\/chemoform.md\/ro\/product\/ph-minus-granulat-25-kg\/","title":{"rendered":"pH minus granulat, 25 kg"},"content":{"rendered":"<p>Produs granulat pe baz\u0103 de hidrogensulfat de sodiu pentru sc\u0103derea nivelului pH-ului apei din piscin\u0103. Nivelul ideal al pH-ului este de 7,0 \u2013 7,4. <\/p>\n<p>&nbsp;<\/p>\n<h3>Caracteristici:<\/h3>\n<ul>\n<li>Se dizolv\u0103 rapid \u0219i complet<\/li>\n<li>F\u0103r\u0103 impurit\u0103\u021bi<\/li>\n<li>\u00cen stare uscat\u0103, are o durat\u0103 de valabilitate \u00eendelungat\u0103<\/li>\n<li>Potrivit at\u00e2t pentru dozarea manual\u0103, c\u00e2t \u0219i pentru cea automat\u0103<\/li>\n<\/ul>\n<h3>Utilizare:<\/h3>\n<p>\u00cenainte de utilizare, dizolva\u021bi pH-minus \u00een ap\u0103, ad\u0103ug\u00e2nd produsul \u00een ap\u0103, nu invers! 150 de grame de produs vor reduce nivelul pH-ului \u00een 10 m\u00b3 de ap\u0103 cu 0,2. Dizolva\u021bi cantitatea calculat\u0103 de produs \u00een ap\u0103 \u0219i turna\u021bi-o \u00eencet de-a lungul marginilor piscinei. M\u0103sura\u021bi periodic nivelul pH-ului. Nu turna\u021bi \u00een apropierea obiectelor metalice.<br \/>\nPentru c\u0103zi cu hidromasaj: 15 g (~o linguri\u021b\u0103) de produs uscat va reduce nivelul pH-ului \u00een 1000 de litri de ap\u0103 cu 0,2.<br \/>\nPentru \u00eendep\u0103rtarea depunerilor de calcar, dizolva\u021bi 200 g de granule \u00een doi litri de ap\u0103 \u0219i trata\u021bi suprafa\u021ba de cur\u0103\u021bat, apoi cl\u0103ti\u021bi.    <\/p>\n<h3>M\u0103suri de precau\u021bie:<\/h3>\n<p>Respecta\u021bi m\u0103surile de siguran\u021b\u0103 indicate pe eticheta produsului \u0219i \u00een fi\u0219a de siguran\u021b\u0103. P\u0103stra\u021bi produsul \u00een ambalajul original, \u00eentr-un loc r\u0103coros \u0219i ferit de soare. A nu se l\u0103sa la \u00eendem\u00e2na copiilor!  <\/p>\n<h3>Depozitare:<\/h3>\n<p>A se p\u0103stra \u0219i transporta \u00een ambalajul original, \u00een pozi\u021bie vertical\u0103. Termenul de valabilitate este de 10 ani. <\/p>\n","protected":false},"excerpt":{"rendered":"<p>pH-minus granulat 25 kg.<\/p>\n","protected":false},"featured_media":1889,"comment_status":"closed","ping_status":"closed","template":"","meta":[],"product_brand":[],"product_cat":[67,66],"product_tag":[],"class_list":{"0":"post-2568","1":"product","2":"type-product","3":"status-publish","4":"has-post-thumbnail","6":"product_cat-corectarea-ph-ului","7":"product_cat-produse-chimice-pentru-piscine","9":"first","10":"instock","11":"shipping-taxable","12":"purchasable","13":"product-type-simple"},"_links":{"self":[{"href":"https:\/\/chemoform.md\/ro\/wp-json\/wp\/v2\/product\/2568","targetHints":{"allow":["GET"]}}],"collection":[{"href":"https:\/\/chemoform.md\/ro\/wp-json\/wp\/v2\/product"}],"about":[{"href":"https:\/\/chemoform.md\/ro\/wp-json\/wp\/v2\/types\/product"}],"replies":[{"embeddable":true,"href":"https:\/\/chemoform.md\/ro\/wp-json\/wp\/v2\/comments?post=2568"}],"wp:featuredmedia":[{"embeddable":true,"href":"https:\/\/chemoform.md\/ro\/wp-json\/wp\/v2\/media\/1889"}],"wp:attachment":[{"href":"https:\/\/chemoform.md\/ro\/wp-json\/wp\/v2\/media?parent=2568"}],"wp:term":[{"taxonomy":"product_brand","embeddable":true,"href":"https:\/\/chemoform.md\/ro\/wp-json\/wp\/v2\/product_brand?post=2568"},{"taxonomy":"product_cat","embeddable":true,"href":"https:\/\/chemoform.md\/ro\/wp-json\/wp\/v2\/product_cat?post=2568"},{"taxonomy":"product_tag","embeddable":true,"href":"https:\/\/chemoform.md\/ro\/wp-json\/wp\/v2\/product_tag?post=2568"}],"curies":[{"name":"wp","href":"https:\/\/api.w.org\/{rel}","templated":true}]}}