{"id":2505,"date":"2025-01-15T09:01:31","date_gmt":"2025-01-15T09:01:31","guid":{"rendered":"https:\/\/chemoform.md\/despre-companie\/"},"modified":"2026-03-31T19:35:14","modified_gmt":"2026-03-31T19:35:14","slug":"despre-companie","status":"publish","type":"page","link":"https:\/\/chemoform.md\/ro\/despre-companie\/","title":{"rendered":"Despre companie"},"content":{"rendered":"\t\t<div data-elementor-type=\"wp-page\" data-elementor-id=\"2505\" class=\"elementor elementor-2505 elementor-1371\" data-elementor-post-type=\"page\">\n\t\t\t\t<div class=\"elementor-element elementor-element-bd603d8 e-flex e-con-boxed e-con e-parent\" data-id=\"bd603d8\" data-element_type=\"container\" data-e-type=\"container\" data-settings=\"{&quot;background_background&quot;:&quot;classic&quot;}\">\n\t\t\t\t\t<div class=\"e-con-inner\">\n\t\t<div class=\"elementor-element elementor-element-b22c9a3 e-con-full e-flex e-con e-child\" data-id=\"b22c9a3\" data-element_type=\"container\" data-e-type=\"container\">\n\t\t\t\t<div class=\"elementor-element elementor-element-26e54a5 elementor-invisible elementor-widget elementor-widget-heading\" data-id=\"26e54a5\" data-element_type=\"widget\" data-e-type=\"widget\" data-settings=\"{&quot;_animation&quot;:&quot;fadeInUp&quot;,&quot;_animation_delay&quot;:&quot;400&quot;}\" data-widget_type=\"heading.default\">\n\t\t\t\t\t<h5 class=\"elementor-heading-title elementor-size-default\">Ap\u0103 curat\u0103 \u0219i sigur\u0103 \u00een piscin\u0103<\/h5>\t\t\t\t<\/div>\n\t\t\t\t<\/div>\n\t\t\t\t\t<\/div>\n\t\t\t\t<\/div>\n\t\t<div class=\"elementor-element elementor-element-360c4a6e e-con-full e-flex e-con e-parent\" data-id=\"360c4a6e\" data-element_type=\"container\" data-e-type=\"container\" data-settings=\"{&quot;background_background&quot;:&quot;classic&quot;}\">\n\t\t<div class=\"elementor-element elementor-element-17f0e9f4 e-flex e-con-boxed e-con e-child\" data-id=\"17f0e9f4\" data-element_type=\"container\" data-e-type=\"container\">\n\t\t\t\t\t<div class=\"e-con-inner\">\n\t\t<div class=\"elementor-element elementor-element-43226c50 e-con-full e-flex e-con e-child\" data-id=\"43226c50\" data-element_type=\"container\" data-e-type=\"container\">\n\t\t<div class=\"elementor-element elementor-element-4c9d501e e-con-full e-flex e-con e-child\" data-id=\"4c9d501e\" data-element_type=\"container\" data-e-type=\"container\">\n\t\t<div class=\"elementor-element elementor-element-52043420 e-con-full e-flex e-con e-child\" data-id=\"52043420\" data-element_type=\"container\" data-e-type=\"container\">\n\t\t\t\t<div class=\"elementor-element elementor-element-73d0db0a elementor-invisible elementor-widget elementor-widget-image\" data-id=\"73d0db0a\" data-element_type=\"widget\" data-e-type=\"widget\" data-settings=\"{&quot;motion_fx_motion_fx_scrolling&quot;:&quot;yes&quot;,&quot;motion_fx_scale_effect&quot;:&quot;yes&quot;,&quot;motion_fx_scale_speed&quot;:{&quot;unit&quot;:&quot;px&quot;,&quot;size&quot;:&quot;1&quot;,&quot;sizes&quot;:[]},&quot;motion_fx_devices&quot;:[&quot;desktop&quot;],&quot;_animation&quot;:&quot;fadeIn&quot;,&quot;_animation_delay&quot;:&quot;200&quot;,&quot;motion_fx_scale_direction&quot;:&quot;out-in&quot;,&quot;motion_fx_scale_range&quot;:{&quot;unit&quot;:&quot;%&quot;,&quot;size&quot;:&quot;&quot;,&quot;sizes&quot;:{&quot;start&quot;:20,&quot;end&quot;:80}}}\" data-widget_type=\"image.default\">\n\t\t\t\t\t\t\t\t\t\t\t\t\t\t\t<img fetchpriority=\"high\" decoding=\"async\" width=\"683\" height=\"1024\" src=\"https:\/\/chemoform.md\/wp-content\/uploads\/2024\/05\/vertical-683x1024.jpg\" class=\"attachment-large size-large wp-image-2507\" alt=\"\" srcset=\"https:\/\/chemoform.md\/wp-content\/uploads\/2024\/05\/vertical-683x1024.jpg 683w, https:\/\/chemoform.md\/wp-content\/uploads\/2024\/05\/vertical-600x900.jpg 600w, https:\/\/chemoform.md\/wp-content\/uploads\/2024\/05\/vertical-200x300.jpg 200w, https:\/\/chemoform.md\/wp-content\/uploads\/2024\/05\/vertical-768x1152.jpg 768w, https:\/\/chemoform.md\/wp-content\/uploads\/2024\/05\/vertical-1024x1536.jpg 1024w, https:\/\/chemoform.md\/wp-content\/uploads\/2024\/05\/vertical.jpg 1280w\" sizes=\"(max-width: 683px) 100vw, 683px\" \/>\t\t\t\t\t\t\t\t\t\t\t\t\t\t\t<\/div>\n\t\t\t\t<\/div>\n\t\t<div class=\"elementor-element elementor-element-32e59d29 e-con-full e-flex e-con e-child\" data-id=\"32e59d29\" data-element_type=\"container\" data-e-type=\"container\">\n\t\t\t\t<div class=\"elementor-element elementor-element-7939b4a6 elementor-invisible elementor-widget elementor-widget-image\" data-id=\"7939b4a6\" data-element_type=\"widget\" data-e-type=\"widget\" data-settings=\"{&quot;motion_fx_motion_fx_scrolling&quot;:&quot;yes&quot;,&quot;motion_fx_scale_effect&quot;:&quot;yes&quot;,&quot;motion_fx_scale_direction&quot;:&quot;in-out&quot;,&quot;motion_fx_scale_speed&quot;:{&quot;unit&quot;:&quot;px&quot;,&quot;size&quot;:&quot;0.5&quot;,&quot;sizes&quot;:[]},&quot;motion_fx_devices&quot;:[&quot;desktop&quot;],&quot;_animation&quot;:&quot;fadeIn&quot;,&quot;_animation_delay&quot;:&quot;400&quot;,&quot;motion_fx_scale_range&quot;:{&quot;unit&quot;:&quot;%&quot;,&quot;size&quot;:&quot;&quot;,&quot;sizes&quot;:{&quot;start&quot;:20,&quot;end&quot;:80}}}\" data-widget_type=\"image.default\">\n\t\t\t\t\t\t\t\t\t\t\t\t\t\t\t<img decoding=\"async\" width=\"1024\" height=\"1024\" src=\"https:\/\/chemoform.md\/wp-content\/uploads\/2024\/05\/sq-08-1024x1024.jpg\" class=\"attachment-large size-large wp-image-2508\" alt=\"\" srcset=\"https:\/\/chemoform.md\/wp-content\/uploads\/2024\/05\/sq-08-1024x1024.jpg 1024w, https:\/\/chemoform.md\/wp-content\/uploads\/2024\/05\/sq-08-300x300.jpg 300w, https:\/\/chemoform.md\/wp-content\/uploads\/2024\/05\/sq-08-100x100.jpg 100w, https:\/\/chemoform.md\/wp-content\/uploads\/2024\/05\/sq-08-600x600.jpg 600w, https:\/\/chemoform.md\/wp-content\/uploads\/2024\/05\/sq-08-150x150.jpg 150w, https:\/\/chemoform.md\/wp-content\/uploads\/2024\/05\/sq-08-768x768.jpg 768w, https:\/\/chemoform.md\/wp-content\/uploads\/2024\/05\/sq-08.jpg 1500w\" sizes=\"(max-width: 1024px) 100vw, 1024px\" \/>\t\t\t\t\t\t\t\t\t\t\t\t\t\t\t<\/div>\n\t\t\t\t<div class=\"elementor-element elementor-element-3e01f7f1 elementor-invisible elementor-widget elementor-widget-image\" data-id=\"3e01f7f1\" data-element_type=\"widget\" data-e-type=\"widget\" data-settings=\"{&quot;motion_fx_motion_fx_scrolling&quot;:&quot;yes&quot;,&quot;motion_fx_scale_effect&quot;:&quot;yes&quot;,&quot;motion_fx_scale_direction&quot;:&quot;in-out&quot;,&quot;motion_fx_scale_speed&quot;:{&quot;unit&quot;:&quot;px&quot;,&quot;size&quot;:&quot;0.5&quot;,&quot;sizes&quot;:[]},&quot;motion_fx_devices&quot;:[&quot;desktop&quot;],&quot;_animation&quot;:&quot;fadeIn&quot;,&quot;_animation_delay&quot;:&quot;600&quot;,&quot;motion_fx_scale_range&quot;:{&quot;unit&quot;:&quot;%&quot;,&quot;size&quot;:&quot;&quot;,&quot;sizes&quot;:{&quot;start&quot;:20,&quot;end&quot;:80}}}\" data-widget_type=\"image.default\">\n\t\t\t\t\t\t\t\t\t\t\t\t\t\t\t<img decoding=\"async\" width=\"1000\" height=\"1000\" src=\"https:\/\/chemoform.md\/wp-content\/uploads\/2024\/05\/sq-07.jpg\" class=\"attachment-large size-large wp-image-2509\" alt=\"\" srcset=\"https:\/\/chemoform.md\/wp-content\/uploads\/2024\/05\/sq-07.jpg 1000w, https:\/\/chemoform.md\/wp-content\/uploads\/2024\/05\/sq-07-300x300.jpg 300w, https:\/\/chemoform.md\/wp-content\/uploads\/2024\/05\/sq-07-100x100.jpg 100w, https:\/\/chemoform.md\/wp-content\/uploads\/2024\/05\/sq-07-600x600.jpg 600w, https:\/\/chemoform.md\/wp-content\/uploads\/2024\/05\/sq-07-150x150.jpg 150w, https:\/\/chemoform.md\/wp-content\/uploads\/2024\/05\/sq-07-768x768.jpg 768w\" sizes=\"(max-width: 1000px) 100vw, 1000px\" \/>\t\t\t\t\t\t\t\t\t\t\t\t\t\t\t<\/div>\n\t\t\t\t<\/div>\n\t\t\t\t<\/div>\n\t\t\t\t<\/div>\n\t\t<div class=\"elementor-element elementor-element-4541ba03 e-con-full e-flex e-con e-child\" data-id=\"4541ba03\" data-element_type=\"container\" data-e-type=\"container\">\n\t\t<div class=\"elementor-element elementor-element-123d0d08 e-con-full e-flex elementor-invisible e-con e-child\" data-id=\"123d0d08\" data-element_type=\"container\" data-e-type=\"container\" data-settings=\"{&quot;animation&quot;:&quot;fadeIn&quot;,&quot;animation_delay&quot;:&quot;200&quot;}\">\n\t\t\t\t<div class=\"elementor-element elementor-element-3ad5fa81 elementor-widget elementor-widget-heading\" data-id=\"3ad5fa81\" data-element_type=\"widget\" data-e-type=\"widget\" data-widget_type=\"heading.default\">\n\t\t\t\t\t<h2 class=\"elementor-heading-title elementor-size-default\">Chemoform Group<\/h2>\t\t\t\t<\/div>\n\t\t\t\t<div class=\"elementor-element elementor-element-2931e328 elementor-widget elementor-widget-heading\" data-id=\"2931e328\" data-element_type=\"widget\" data-e-type=\"widget\" data-widget_type=\"heading.default\">\n\t\t\t\t\t<p class=\"elementor-heading-title elementor-size-default\">Reprezentan\u021ba oficial\u0103 a Concernului german \u201eChemoform Group\u201d \u00een Moldova v\u0103 prezint\u0103 programe pentru tratarea apei \u00een piscine private \u0219i publice, c\u0103zi cu hidromasaj \u0219i SPA-uri. Produsele concernului v\u0103 vor deschide \u00eentregul spectru de produse pentru igien\u0103, cur\u0103\u021bare \u0219i \u00eengrijire \u00een uz casnic \u0219i industrial. \n<\/p>\t\t\t\t<\/div>\n\t\t\t\t<div class=\"elementor-element elementor-element-3329304 elementor-widget elementor-widget-heading\" data-id=\"3329304\" data-element_type=\"widget\" data-e-type=\"widget\" data-widget_type=\"heading.default\">\n\t\t\t\t\t<p class=\"elementor-heading-title elementor-size-default\">Chemoform Group reprezint\u0103 un program de produc\u021bie dezvoltat, care include game de produse pentru piscine private \u0219i publice. Aceasta este o chimie de \u00eenalt\u0103 calitate, care permite men\u021binerea apei \u00eentr-o stare ideal\u0103. Pentru toate tipurile de piscine, laboratoarele companiei au dezvoltat preparate pentru dezinfectarea pe termen lung \u0219i \u201e\u0219oc\u201d pe baz\u0103 de clor \u0219i oxigen activ, furnizate sub form\u0103 de granule, tablete \u0219i solu\u021bii. Compozi\u021bia preparatelor este optimizat\u0103 pentru cazuri specifice de utilizare. Utilizarea lor eficient\u0103 este asigurat\u0103 \u0219i de o gam\u0103 larg\u0103 de produse conexe ale concernului, printre care stabilizatori, activatori, corectori de pH, dozatoare, accesorii pentru \u00eengrijirea apei, a cuvei piscinei, a zonei adiacente \u0219i multe altele, inclusiv preparate anorganice pentru piscine publice \u0219i sportive.    \n<\/p>\t\t\t\t<\/div>\n\t\t\t\t<\/div>\n\t\t\t\t<\/div>\n\t\t\t\t\t<\/div>\n\t\t\t\t<\/div>\n\t\t\t\t<\/div>\n\t\t<div class=\"elementor-element elementor-element-1ee59f53 e-con-full e-flex e-con e-parent\" data-id=\"1ee59f53\" data-element_type=\"container\" data-e-type=\"container\">\n\t\t<div class=\"elementor-element elementor-element-3d023952 e-con-full e-flex e-con e-child\" data-id=\"3d023952\" data-element_type=\"container\" data-e-type=\"container\" data-settings=\"{&quot;background_background&quot;:&quot;classic&quot;}\">\n\t\t\t\t<div class=\"elementor-element elementor-element-e512e59 elementor-widget elementor-widget-heading\" data-id=\"e512e59\" data-element_type=\"widget\" data-e-type=\"widget\" data-widget_type=\"heading.default\">\n\t\t\t\t\t<p class=\"elementor-heading-title elementor-size-default\">Chemoform Group - este un sistem dezvoltat de aprovizionare! Ast\u0103zi, holdingul de companii Chemoform Group este unul dintre produc\u0103torii de frunte pe pia\u021ba european\u0103 de piscine \u0219i echipamente pentru piscine, oferind o gam\u0103 vast\u0103 de produse pentru piscine private \u0219i publice. Programul nostru de aprovizionare include peste 100 de tipuri diferite de produse (de produc\u021bie proprie) pentru \u00eengrijirea apei \u0219i peste 1.500 de produse conexe. De asemenea, ocup\u0103m o pozi\u021bie solid\u0103 \u00een domeniul wellness, datorit\u0103 sortimentului actualizat \u0219i completat regulat de arome, creme, lo\u021biuni, s\u0103ruri de peeling \u0219i echipamente pentru b\u0103i de aburi \u0219i saune Lacoform.   \n\n\n<\/p>\t\t\t\t<\/div>\n\t\t\t\t<div class=\"elementor-element elementor-element-f5afccd elementor-widget elementor-widget-heading\" data-id=\"f5afccd\" data-element_type=\"widget\" data-e-type=\"widget\" data-widget_type=\"heading.default\">\n\t\t\t\t\t<p class=\"elementor-heading-title elementor-size-default\">Aleg\u00e2nd colaborarea cu Reprezentan\u021ba fabricii Chemoform Group \u00een Moldova, face\u021bi alegerea corect\u0103 \u0219i ob\u021bine\u021bi 100% \u00eencredere \u00een calitate \u0219i fiabilitate!\n\n\n<\/p>\t\t\t\t<\/div>\n\t\t\t\t<\/div>\n\t\t<div class=\"elementor-element elementor-element-30f21b5d e-con-full e-flex e-con e-child\" data-id=\"30f21b5d\" data-element_type=\"container\" data-e-type=\"container\">\n\t\t<div class=\"elementor-element elementor-element-15faf02c e-con-full e-flex e-con e-child\" data-id=\"15faf02c\" data-element_type=\"container\" data-e-type=\"container\" data-settings=\"{&quot;background_background&quot;:&quot;classic&quot;}\">\n\t\t<div class=\"elementor-element elementor-element-2e136bd3 e-con-full e-flex e-con e-child\" data-id=\"2e136bd3\" data-element_type=\"container\" data-e-type=\"container\">\n\t\t\t\t<div class=\"elementor-element elementor-element-31611d5b elementor-invisible elementor-widget elementor-widget-image\" data-id=\"31611d5b\" data-element_type=\"widget\" data-e-type=\"widget\" data-settings=\"{&quot;motion_fx_motion_fx_scrolling&quot;:&quot;yes&quot;,&quot;motion_fx_scale_effect&quot;:&quot;yes&quot;,&quot;motion_fx_scale_speed&quot;:{&quot;unit&quot;:&quot;px&quot;,&quot;size&quot;:&quot;2&quot;,&quot;sizes&quot;:[]},&quot;motion_fx_devices&quot;:[&quot;desktop&quot;],&quot;_animation&quot;:&quot;fadeIn&quot;,&quot;_animation_delay&quot;:&quot;400&quot;,&quot;motion_fx_scale_direction&quot;:&quot;out-in&quot;,&quot;motion_fx_scale_range&quot;:{&quot;unit&quot;:&quot;%&quot;,&quot;size&quot;:&quot;&quot;,&quot;sizes&quot;:{&quot;start&quot;:20,&quot;end&quot;:80}}}\" data-widget_type=\"image.default\">\n\t\t\t\t\t\t\t\t\t\t\t\t\t\t\t<img loading=\"lazy\" decoding=\"async\" width=\"1000\" height=\"1000\" src=\"https:\/\/chemoform.md\/wp-content\/uploads\/2024\/05\/sq-11.jpg\" class=\"attachment-large size-large wp-image-2510\" alt=\"\" srcset=\"https:\/\/chemoform.md\/wp-content\/uploads\/2024\/05\/sq-11.jpg 1000w, https:\/\/chemoform.md\/wp-content\/uploads\/2024\/05\/sq-11-300x300.jpg 300w, https:\/\/chemoform.md\/wp-content\/uploads\/2024\/05\/sq-11-100x100.jpg 100w, https:\/\/chemoform.md\/wp-content\/uploads\/2024\/05\/sq-11-600x600.jpg 600w, https:\/\/chemoform.md\/wp-content\/uploads\/2024\/05\/sq-11-150x150.jpg 150w, https:\/\/chemoform.md\/wp-content\/uploads\/2024\/05\/sq-11-768x768.jpg 768w\" sizes=\"(max-width: 1000px) 100vw, 1000px\" \/>\t\t\t\t\t\t\t\t\t\t\t\t\t\t\t<\/div>\n\t\t\t\t<\/div>\n\t\t\t\t<\/div>\n\t\t<div class=\"elementor-element elementor-element-15dc5f2d e-con-full e-flex e-con e-child\" data-id=\"15dc5f2d\" data-element_type=\"container\" data-e-type=\"container\" data-settings=\"{&quot;background_background&quot;:&quot;classic&quot;}\">\n\t\t\t\t<\/div>\n\t\t\t\t<\/div>\n\t\t\t\t<\/div>\n\t\t<div class=\"elementor-element elementor-element-384c804 e-con-full e-flex e-con e-parent\" data-id=\"384c804\" data-element_type=\"container\" data-e-type=\"container\" data-settings=\"{&quot;background_background&quot;:&quot;classic&quot;}\">\n\t\t<div class=\"elementor-element elementor-element-3de3c08 e-flex e-con-boxed e-con e-child\" data-id=\"3de3c08\" data-element_type=\"container\" data-e-type=\"container\">\n\t\t\t\t\t<div class=\"e-con-inner\">\n\t\t<div class=\"elementor-element elementor-element-5d5f353 e-con-full e-flex e-con e-child\" data-id=\"5d5f353\" data-element_type=\"container\" data-e-type=\"container\">\n\t\t<div class=\"elementor-element elementor-element-23e4940 e-con-full e-flex e-con e-child\" data-id=\"23e4940\" data-element_type=\"container\" data-e-type=\"container\">\n\t\t<div class=\"elementor-element elementor-element-d7077f7 e-con-full e-flex e-con e-child\" data-id=\"d7077f7\" data-element_type=\"container\" data-e-type=\"container\">\n\t\t<div class=\"elementor-element elementor-element-7830aeed e-con-full e-flex e-con e-child\" data-id=\"7830aeed\" data-element_type=\"container\" data-e-type=\"container\" data-settings=\"{&quot;background_background&quot;:&quot;video&quot;,&quot;background_motion_fx_translateY_effect&quot;:&quot;yes&quot;,&quot;background_motion_fx_translateY_direction&quot;:&quot;negative&quot;,&quot;background_motion_fx_translateY_speed&quot;:{&quot;unit&quot;:&quot;px&quot;,&quot;size&quot;:&quot;3&quot;,&quot;sizes&quot;:[]},&quot;background_motion_fx_devices&quot;:[&quot;desktop&quot;],&quot;background_video_link&quot;:&quot;https:\\\/\\\/www.youtube.com\\\/watch?v=FgJ4v42Wx_Q&quot;,&quot;background_play_on_mobile&quot;:&quot;yes&quot;,&quot;background_privacy_mode&quot;:&quot;yes&quot;,&quot;background_motion_fx_translateY_affectedRange&quot;:{&quot;unit&quot;:&quot;%&quot;,&quot;size&quot;:&quot;&quot;,&quot;sizes&quot;:{&quot;start&quot;:0,&quot;end&quot;:100}}}\">\n\t\t<div class=\"elementor-background-video-container\">\n\t\t\t\t\t\t\t<div class=\"elementor-background-video-embed\" role=\"presentation\"><\/div>\n\t\t\t\t\t\t<\/div>\t\t<\/div>\n\t\t\t\t<\/div>\n\t\t\t\t<\/div>\n\t\t\t\t<\/div>\n\t\t<div class=\"elementor-element elementor-element-2bed543 e-con-full e-flex e-con e-child\" data-id=\"2bed543\" data-element_type=\"container\" data-e-type=\"container\">\n\t\t<div class=\"elementor-element elementor-element-fa4348b e-con-full e-flex elementor-invisible e-con e-child\" data-id=\"fa4348b\" data-element_type=\"container\" data-e-type=\"container\" data-settings=\"{&quot;animation&quot;:&quot;fadeIn&quot;,&quot;animation_delay&quot;:&quot;200&quot;}\">\n\t\t\t\t<div class=\"elementor-element elementor-element-a8a92e4 elementor-widget elementor-widget-heading\" data-id=\"a8a92e4\" data-element_type=\"widget\" data-e-type=\"widget\" data-widget_type=\"heading.default\">\n\t\t\t\t\t<h2 class=\"elementor-heading-title elementor-size-default\">Chimie profesional\u0103 pentru piscin\u0103<\/h2>\t\t\t\t<\/div>\n\t\t\t\t<div class=\"elementor-element elementor-element-1968b86 elementor-widget elementor-widget-heading\" data-id=\"1968b86\" data-element_type=\"widget\" data-e-type=\"widget\" data-widget_type=\"heading.default\">\n\t\t\t\t\t<p class=\"elementor-heading-title elementor-size-default\">Pentru ca apa din piscin\u0103 s\u0103 r\u0103m\u00e2n\u0103 \u00eentotdeauna curat\u0103, este necesar s\u0103 utiliza\u021bi \u00een mod regulat chimie de calitate. Pute\u021bi achizi\u021biona preparate de calitate de la organiza\u021bia noastr\u0103. \u00cen catalog pute\u021bi g\u0103si o selec\u021bie mare de preparate de diferite tipuri. Pute\u021bi selecta produse pentru fiecare caz, f\u0103r\u0103 a v\u0103 \u00eendoi de calitatea lor. Mul\u021bi achizi\u021bioneaz\u0103 chimie pentru piscine en-gros. \u00cen acest caz, este deosebit de important s\u0103 fi\u021bi sigur de calitatea produselor chimice achizi\u021bionate.     \n<\/p>\t\t\t\t<\/div>\n\t\t\t\t<div class=\"elementor-element elementor-element-7eedb44 elementor-widget elementor-widget-text-editor\" data-id=\"7eedb44\" data-element_type=\"widget\" data-e-type=\"widget\" data-widget_type=\"text-editor.default\">\n\t\t\t\t\t\t\t\t\t<p>\u00cen catalog pute\u021bi g\u0103si:<\/p><ul><li>Preparate care permit reducerea nivelului de aciditate la nivelul optim. Potrivite pentru orice tip de piscin\u0103. <\/li><li>Produse destinate dezinfec\u021biei apei. Sunt considerate universale pentru orice piscin\u0103. <\/li><li>Preparate care previn \u0219i opresc cre\u0219terea algelor: au ac\u021biune antifungic\u0103, redau transparen\u021ba apei.<\/li><li>Produse pe baz\u0103 de oxigen activ pentru eliminarea bacteriilor \u0219i viru\u0219ilor patogeni.<\/li><li>Preparate pentru limpezirea apei. Dac\u0103 apa s-a tulburat, aceste produse \u00eei vor reda rapid transparen\u021ba. <\/li><\/ul>\t\t\t\t\t\t\t\t<\/div>\n\t\t\t\t<\/div>\n\t\t\t\t<\/div>\n\t\t\t\t\t<\/div>\n\t\t\t\t<\/div>\n\t\t\t\t<\/div>\n\t\t<div class=\"elementor-element elementor-element-6635160 e-con-full e-flex e-con e-parent\" data-id=\"6635160\" data-element_type=\"container\" data-e-type=\"container\">\n\t\t<div class=\"elementor-element elementor-element-348fa8b5 e-con-full e-flex e-con e-child\" data-id=\"348fa8b5\" data-element_type=\"container\" data-e-type=\"container\">\n\t\t<div class=\"elementor-element elementor-element-2183feb1 e-con-full e-flex e-con e-child\" data-id=\"2183feb1\" data-element_type=\"container\" data-e-type=\"container\" data-settings=\"{&quot;background_background&quot;:&quot;classic&quot;}\">\n\t\t\t\t<\/div>\n\t\t\t\t<\/div>\n\t\t\t\t<\/div>\n\t\t<div class=\"elementor-element elementor-element-302fd50b e-con-full e-flex e-con e-parent\" data-id=\"302fd50b\" data-element_type=\"container\" data-e-type=\"container\" data-settings=\"{&quot;background_background&quot;:&quot;classic&quot;}\">\n\t\t\t\t<\/div>\n\t\t\t\t<\/div>\n\t\t","protected":false},"excerpt":{"rendered":"<p>Chemoform Group Reprezentan\u021ba oficial\u0103 a Concernului german \u201eChemoform Group\u201d \u00een Moldova v\u0103 prezint\u0103 programe pentru tratarea apei \u00een piscine private \u0219i publice, c\u0103zi cu hidromasaj \u0219i SPA-uri. Produsele concernului v\u0103 vor deschide \u00eentregul spectru de produse pentru igien\u0103, cur\u0103\u021bare \u0219i \u00eengrijire \u00een uz casnic \u0219i industrial. Chemoform Group reprezint\u0103 un program de produc\u021bie dezvoltat, care [&hellip;]<\/p>\n","protected":false},"author":1,"featured_media":0,"parent":0,"menu_order":0,"comment_status":"closed","ping_status":"closed","template":"elementor_header_footer","meta":{"footnotes":""},"class_list":["post-2505","page","type-page","status-publish","hentry"],"_links":{"self":[{"href":"https:\/\/chemoform.md\/ro\/wp-json\/wp\/v2\/pages\/2505","targetHints":{"allow":["GET"]}}],"collection":[{"href":"https:\/\/chemoform.md\/ro\/wp-json\/wp\/v2\/pages"}],"about":[{"href":"https:\/\/chemoform.md\/ro\/wp-json\/wp\/v2\/types\/page"}],"author":[{"embeddable":true,"href":"https:\/\/chemoform.md\/ro\/wp-json\/wp\/v2\/users\/1"}],"replies":[{"embeddable":true,"href":"https:\/\/chemoform.md\/ro\/wp-json\/wp\/v2\/comments?post=2505"}],"version-history":[{"count":1,"href":"https:\/\/chemoform.md\/ro\/wp-json\/wp\/v2\/pages\/2505\/revisions"}],"predecessor-version":[{"id":2512,"href":"https:\/\/chemoform.md\/ro\/wp-json\/wp\/v2\/pages\/2505\/revisions\/2512"}],"wp:attachment":[{"href":"https:\/\/chemoform.md\/ro\/wp-json\/wp\/v2\/media?parent=2505"}],"curies":[{"name":"wp","href":"https:\/\/api.w.org\/{rel}","templated":true}]}}